{"id":33426,"date":"2025-06-24T19:08:54","date_gmt":"2025-06-25T03:08:54","guid":{"rendered":"http:\/\/45.63.70.205\/?post_type=product&#038;p=33426"},"modified":"2025-06-24T19:10:35","modified_gmt":"2025-06-25T03:10:35","slug":"avengers-thanos-coloring-set-for-kids-sheets-crayons-stickers","status":"publish","type":"product","link":"http:\/\/shinyyoustationery.com\/fr\/avengers-thanos-coloring-set-for-kids-sheets-crayons-stickers\/","title":{"rendered":"Avengers Thanos Set de coloriage pour enfants - Feuilles, crayons et autocollants"},"content":{"rendered":"","protected":false},"excerpt":{"rendered":"<p>Lib\u00e8re ta cr\u00e9ativit\u00e9 avec ce set de coloriage sur le th\u00e8me des Avengers, mettant en sc\u00e8ne le puissant Thanos ! Le set comprend 8 pages de coloriage avec des images saisissantes de Thanos, ainsi que 6 crayons vibrants pour colorier le puissant m\u00e9chant. De plus, il est accompagn\u00e9 de 6 autocollants Avengers, parfaits pour d\u00e9corer tes \u0153uvres. Un must pour tous les fans d'Avengers !<\/p>","protected":false},"featured_media":33429,"template":"","meta":[],"product_brand":[],"product_cat":[383],"product_tag":[],"class_list":{"0":"post-33426","1":"product","2":"type-product","3":"status-publish","4":"has-post-thumbnail","6":"product_cat-licensed-stationery-supplier","8":"first","9":"instock","10":"shipping-taxable","11":"product-type-simple"},"_links":{"self":[{"href":"http:\/\/shinyyoustationery.com\/fr\/wp-json\/wp\/v2\/product\/33426","targetHints":{"allow":["GET"]}}],"collection":[{"href":"http:\/\/shinyyoustationery.com\/fr\/wp-json\/wp\/v2\/product"}],"about":[{"href":"http:\/\/shinyyoustationery.com\/fr\/wp-json\/wp\/v2\/types\/product"}],"version-history":[{"count":0,"href":"http:\/\/shinyyoustationery.com\/fr\/wp-json\/wp\/v2\/product\/33426\/revisions"}],"wp:featuredmedia":[{"embeddable":true,"href":"http:\/\/shinyyoustationery.com\/fr\/wp-json\/wp\/v2\/media\/33429"}],"wp:attachment":[{"href":"http:\/\/shinyyoustationery.com\/fr\/wp-json\/wp\/v2\/media?parent=33426"}],"wp:term":[{"taxonomy":"product_brand","embeddable":true,"href":"http:\/\/shinyyoustationery.com\/fr\/wp-json\/wp\/v2\/product_brand?post=33426"},{"taxonomy":"product_cat","embeddable":true,"href":"http:\/\/shinyyoustationery.com\/fr\/wp-json\/wp\/v2\/product_cat?post=33426"},{"taxonomy":"product_tag","embeddable":true,"href":"http:\/\/shinyyoustationery.com\/fr\/wp-json\/wp\/v2\/product_tag?post=33426"}],"curies":[{"name":"wp","href":"https:\/\/api.w.org\/{rel}","templated":true}]}}