{"id":33434,"date":"2025-06-24T19:20:48","date_gmt":"2025-06-25T03:20:48","guid":{"rendered":"http:\/\/45.63.70.205\/?post_type=product&#038;p=33434"},"modified":"2025-06-24T19:24:18","modified_gmt":"2025-06-25T03:24:18","slug":"my-little-pony-pencil-eraser-topper-set-3-pencils-with-character-toppers","status":"publish","type":"product","link":"http:\/\/shinyyoustationery.com\/fr\/my-little-pony-pencil-eraser-topper-set-3-pencils-with-character-toppers\/","title":{"rendered":"My Little Pony Coffret de crayons et de gommes - 3 crayons avec surligneur de personnage"},"content":{"rendered":"","protected":false},"excerpt":{"rendered":"<p>Ajoutez une touche magique \u00e0 votre papeterie avec cet ensemble de crayons et de gommes My Little Pony ! Avec ses crayons color\u00e9s et ses gommes repr\u00e9sentant Rainbow Dash, Twilight Sparkle et Pinkie Pie, cet ensemble est parfait pour les jeunes fans de la s\u00e9rie. Id\u00e9al pour l'\u00e9cole ou les projets cr\u00e9atifs, ces crayons amusants et vibrants rendent l'\u00e9criture et la gomme encore plus sp\u00e9ciales !<\/p>","protected":false},"featured_media":33435,"template":"","meta":[],"product_brand":[],"product_cat":[383],"product_tag":[],"class_list":{"0":"post-33434","1":"product","2":"type-product","3":"status-publish","4":"has-post-thumbnail","6":"product_cat-licensed-stationery-supplier","8":"first","9":"instock","10":"shipping-taxable","11":"product-type-simple"},"_links":{"self":[{"href":"http:\/\/shinyyoustationery.com\/fr\/wp-json\/wp\/v2\/product\/33434","targetHints":{"allow":["GET"]}}],"collection":[{"href":"http:\/\/shinyyoustationery.com\/fr\/wp-json\/wp\/v2\/product"}],"about":[{"href":"http:\/\/shinyyoustationery.com\/fr\/wp-json\/wp\/v2\/types\/product"}],"version-history":[{"count":0,"href":"http:\/\/shinyyoustationery.com\/fr\/wp-json\/wp\/v2\/product\/33434\/revisions"}],"wp:featuredmedia":[{"embeddable":true,"href":"http:\/\/shinyyoustationery.com\/fr\/wp-json\/wp\/v2\/media\/33435"}],"wp:attachment":[{"href":"http:\/\/shinyyoustationery.com\/fr\/wp-json\/wp\/v2\/media?parent=33434"}],"wp:term":[{"taxonomy":"product_brand","embeddable":true,"href":"http:\/\/shinyyoustationery.com\/fr\/wp-json\/wp\/v2\/product_brand?post=33434"},{"taxonomy":"product_cat","embeddable":true,"href":"http:\/\/shinyyoustationery.com\/fr\/wp-json\/wp\/v2\/product_cat?post=33434"},{"taxonomy":"product_tag","embeddable":true,"href":"http:\/\/shinyyoustationery.com\/fr\/wp-json\/wp\/v2\/product_tag?post=33434"}],"curies":[{"name":"wp","href":"https:\/\/api.w.org\/{rel}","templated":true}]}}