{"id":33437,"date":"2025-06-24T19:23:47","date_gmt":"2025-06-25T03:23:47","guid":{"rendered":"http:\/\/45.63.70.205\/?post_type=product&#038;p=33437"},"modified":"2025-06-24T19:23:47","modified_gmt":"2025-06-25T03:23:47","slug":"my-little-pony-pencil-sharpener-set-4-pencils-4-eraser-toppers-and-sharpener","status":"publish","type":"product","link":"http:\/\/shinyyoustationery.com\/fr\/my-little-pony-pencil-sharpener-set-4-pencils-4-eraser-toppers-and-sharpener\/","title":{"rendered":"Set de taille-crayons My Little Pony - 4 crayons, 4 gommes et taille-crayons"},"content":{"rendered":"","protected":false},"excerpt":{"rendered":"<p>Ce set de taille-crayons My Little Pony allie plaisir et fonctionnalit\u00e9 ! L'ensemble comprend 4 crayons HB parfum\u00e9s, chacun surmont\u00e9 d'une gomme \u00e0 effacer color\u00e9e en forme de poney, et un taille-crayon mignon \u00e0 l'effigie des adorables poneys. Parfait pour l'\u00e9cole ou les activit\u00e9s cr\u00e9atives, ce set ajoute une touche de magie \u00e0 toute t\u00e2che d'\u00e9criture !<\/p>","protected":false},"featured_media":33438,"template":"","meta":[],"product_brand":[],"product_cat":[383],"product_tag":[],"class_list":{"0":"post-33437","1":"product","2":"type-product","3":"status-publish","4":"has-post-thumbnail","6":"product_cat-licensed-stationery-supplier","8":"first","9":"instock","10":"shipping-taxable","11":"product-type-simple"},"_links":{"self":[{"href":"http:\/\/shinyyoustationery.com\/fr\/wp-json\/wp\/v2\/product\/33437","targetHints":{"allow":["GET"]}}],"collection":[{"href":"http:\/\/shinyyoustationery.com\/fr\/wp-json\/wp\/v2\/product"}],"about":[{"href":"http:\/\/shinyyoustationery.com\/fr\/wp-json\/wp\/v2\/types\/product"}],"version-history":[{"count":0,"href":"http:\/\/shinyyoustationery.com\/fr\/wp-json\/wp\/v2\/product\/33437\/revisions"}],"wp:featuredmedia":[{"embeddable":true,"href":"http:\/\/shinyyoustationery.com\/fr\/wp-json\/wp\/v2\/media\/33438"}],"wp:attachment":[{"href":"http:\/\/shinyyoustationery.com\/fr\/wp-json\/wp\/v2\/media?parent=33437"}],"wp:term":[{"taxonomy":"product_brand","embeddable":true,"href":"http:\/\/shinyyoustationery.com\/fr\/wp-json\/wp\/v2\/product_brand?post=33437"},{"taxonomy":"product_cat","embeddable":true,"href":"http:\/\/shinyyoustationery.com\/fr\/wp-json\/wp\/v2\/product_cat?post=33437"},{"taxonomy":"product_tag","embeddable":true,"href":"http:\/\/shinyyoustationery.com\/fr\/wp-json\/wp\/v2\/product_tag?post=33437"}],"curies":[{"name":"wp","href":"https:\/\/api.w.org\/{rel}","templated":true}]}}