{"id":33441,"date":"2025-06-24T19:27:00","date_gmt":"2025-06-25T03:27:00","guid":{"rendered":"http:\/\/45.63.70.205\/?post_type=product&#038;p=33441"},"modified":"2025-06-24T19:27:00","modified_gmt":"2025-06-25T03:27:00","slug":"my-little-pony-stamp-colour-activity-tin-3-stamps-8-glitter-pencils-and-sketchpad","status":"publish","type":"product","link":"http:\/\/shinyyoustationery.com\/fr\/my-little-pony-stamp-colour-activity-tin-3-stamps-8-glitter-pencils-and-sketchpad\/","title":{"rendered":"Bo\u00eete d'activit\u00e9s de tamponnage et de coloriage My Little Pony - 3 tampons, 8 crayons paillet\u00e9s et un carnet de croquis"},"content":{"rendered":"","protected":false},"excerpt":{"rendered":"<p>Donnez vie \u00e0 la magie et \u00e0 la cr\u00e9ativit\u00e9 avec ce coffret d'activit\u00e9s My Little Pony Stamp &amp; Colour ! Le coffret comprend 3 tampons en caoutchouc, un tampon encreur arc-en-ciel, 8 crayons \u00e0 paillettes et un bloc-notes, parfaits pour des heures d'amusement. Cr\u00e9e tes propres aventures de poney avec les crayons color\u00e9s et ajoute des touches sp\u00e9ciales \u00e0 l'aide des adorables tampons. Id\u00e9al pour les jeunes artistes et les fans de My Little Pony !<\/p>","protected":false},"featured_media":33442,"template":"","meta":[],"product_brand":[],"product_cat":[383],"product_tag":[],"class_list":{"0":"post-33441","1":"product","2":"type-product","3":"status-publish","4":"has-post-thumbnail","6":"product_cat-licensed-stationery-supplier","8":"first","9":"instock","10":"shipping-taxable","11":"product-type-simple"},"_links":{"self":[{"href":"http:\/\/shinyyoustationery.com\/fr\/wp-json\/wp\/v2\/product\/33441","targetHints":{"allow":["GET"]}}],"collection":[{"href":"http:\/\/shinyyoustationery.com\/fr\/wp-json\/wp\/v2\/product"}],"about":[{"href":"http:\/\/shinyyoustationery.com\/fr\/wp-json\/wp\/v2\/types\/product"}],"version-history":[{"count":0,"href":"http:\/\/shinyyoustationery.com\/fr\/wp-json\/wp\/v2\/product\/33441\/revisions"}],"wp:featuredmedia":[{"embeddable":true,"href":"http:\/\/shinyyoustationery.com\/fr\/wp-json\/wp\/v2\/media\/33442"}],"wp:attachment":[{"href":"http:\/\/shinyyoustationery.com\/fr\/wp-json\/wp\/v2\/media?parent=33441"}],"wp:term":[{"taxonomy":"product_brand","embeddable":true,"href":"http:\/\/shinyyoustationery.com\/fr\/wp-json\/wp\/v2\/product_brand?post=33441"},{"taxonomy":"product_cat","embeddable":true,"href":"http:\/\/shinyyoustationery.com\/fr\/wp-json\/wp\/v2\/product_cat?post=33441"},{"taxonomy":"product_tag","embeddable":true,"href":"http:\/\/shinyyoustationery.com\/fr\/wp-json\/wp\/v2\/product_tag?post=33441"}],"curies":[{"name":"wp","href":"https:\/\/api.w.org\/{rel}","templated":true}]}}