{"id":33444,"date":"2025-06-24T19:54:22","date_gmt":"2025-06-25T03:54:22","guid":{"rendered":"http:\/\/45.63.70.205\/?post_type=product&#038;p=33444"},"modified":"2025-06-24T21:09:22","modified_gmt":"2025-06-25T05:09:22","slug":"my-little-pony-friendship-is-magic-spiral-notebook-pinkie-pie-rainbow-dash-twilight-sparkle","status":"publish","type":"product","link":"http:\/\/shinyyoustationery.com\/fr\/my-little-pony-friendship-is-magic-spiral-notebook-pinkie-pie-rainbow-dash-twilight-sparkle\/","title":{"rendered":"My Little Pony Friendship is Magic Cahier \u00e0 spirales - Pinkie Pie, Rainbow Dash &amp; Twilight Sparkle"},"content":{"rendered":"","protected":false},"excerpt":{"rendered":"<p>Ce charmant carnet My Little Pony est orn\u00e9 d'un motif chatoyant en forme de c\u0153ur repr\u00e9sentant Pinkie Pie, Rainbow Dash et Twilight Sparkle. Avec le slogan \"Friendship is Magic\", c'est le compagnon id\u00e9al pour l'\u00e9cole, l'\u00e9criture cr\u00e9ative ou la r\u00e9daction d'un journal. La reliure \u00e0 spirale et les couleurs vives le rendent \u00e0 la fois fonctionnel et amusant, id\u00e9al pour les jeunes fans des personnages de poney bien-aim\u00e9s !<\/p>","protected":false},"featured_media":33446,"template":"","meta":[],"product_brand":[],"product_cat":[383],"product_tag":[],"class_list":{"0":"post-33444","1":"product","2":"type-product","3":"status-publish","4":"has-post-thumbnail","6":"product_cat-licensed-stationery-supplier","8":"first","9":"instock","10":"shipping-taxable","11":"product-type-simple"},"_links":{"self":[{"href":"http:\/\/shinyyoustationery.com\/fr\/wp-json\/wp\/v2\/product\/33444","targetHints":{"allow":["GET"]}}],"collection":[{"href":"http:\/\/shinyyoustationery.com\/fr\/wp-json\/wp\/v2\/product"}],"about":[{"href":"http:\/\/shinyyoustationery.com\/fr\/wp-json\/wp\/v2\/types\/product"}],"version-history":[{"count":0,"href":"http:\/\/shinyyoustationery.com\/fr\/wp-json\/wp\/v2\/product\/33444\/revisions"}],"wp:featuredmedia":[{"embeddable":true,"href":"http:\/\/shinyyoustationery.com\/fr\/wp-json\/wp\/v2\/media\/33446"}],"wp:attachment":[{"href":"http:\/\/shinyyoustationery.com\/fr\/wp-json\/wp\/v2\/media?parent=33444"}],"wp:term":[{"taxonomy":"product_brand","embeddable":true,"href":"http:\/\/shinyyoustationery.com\/fr\/wp-json\/wp\/v2\/product_brand?post=33444"},{"taxonomy":"product_cat","embeddable":true,"href":"http:\/\/shinyyoustationery.com\/fr\/wp-json\/wp\/v2\/product_cat?post=33444"},{"taxonomy":"product_tag","embeddable":true,"href":"http:\/\/shinyyoustationery.com\/fr\/wp-json\/wp\/v2\/product_tag?post=33444"}],"curies":[{"name":"wp","href":"https:\/\/api.w.org\/{rel}","templated":true}]}}