{"id":33452,"date":"2025-06-24T21:12:37","date_gmt":"2025-06-25T05:12:37","guid":{"rendered":"http:\/\/45.63.70.205\/?post_type=product&#038;p=33452"},"modified":"2025-06-24T21:12:37","modified_gmt":"2025-06-25T05:12:37","slug":"my-little-pony-twilight-sparkle-note-set-light-up-pen-scented-ink-notepad","status":"publish","type":"product","link":"http:\/\/shinyyoustationery.com\/fr\/my-little-pony-twilight-sparkle-note-set-light-up-pen-scented-ink-notepad\/","title":{"rendered":"My Little Pony Twilight Sparkle Note Set - Stylo lumineux, encre parfum\u00e9e et bloc-notes"},"content":{"rendered":"","protected":false},"excerpt":{"rendered":"<p>Le set de notes My Little Pony Twilight Sparkle apporte de la magie \u00e0 votre \u00e9criture ! Ce set comprend un stylo lumineux \u00e0 encre parfum\u00e9e, un bloc-notes en forme d'\u00e9toile et des accessoires amusants, tous \u00e0 l'effigie du personnage bien-aim\u00e9 Twilight Sparkle. Parfait pour \u00e9crire un journal, griffonner ou prendre des notes, ce set ajoute une touche magique \u00e0 toute activit\u00e9 cr\u00e9ative ! Id\u00e9al pour les jeunes fans de la s\u00e9rie.<\/p>","protected":false},"featured_media":33453,"template":"","meta":[],"product_brand":[],"product_cat":[383],"product_tag":[],"class_list":{"0":"post-33452","1":"product","2":"type-product","3":"status-publish","4":"has-post-thumbnail","6":"product_cat-licensed-stationery-supplier","8":"first","9":"instock","10":"shipping-taxable","11":"product-type-simple"},"_links":{"self":[{"href":"http:\/\/shinyyoustationery.com\/fr\/wp-json\/wp\/v2\/product\/33452","targetHints":{"allow":["GET"]}}],"collection":[{"href":"http:\/\/shinyyoustationery.com\/fr\/wp-json\/wp\/v2\/product"}],"about":[{"href":"http:\/\/shinyyoustationery.com\/fr\/wp-json\/wp\/v2\/types\/product"}],"version-history":[{"count":0,"href":"http:\/\/shinyyoustationery.com\/fr\/wp-json\/wp\/v2\/product\/33452\/revisions"}],"wp:featuredmedia":[{"embeddable":true,"href":"http:\/\/shinyyoustationery.com\/fr\/wp-json\/wp\/v2\/media\/33453"}],"wp:attachment":[{"href":"http:\/\/shinyyoustationery.com\/fr\/wp-json\/wp\/v2\/media?parent=33452"}],"wp:term":[{"taxonomy":"product_brand","embeddable":true,"href":"http:\/\/shinyyoustationery.com\/fr\/wp-json\/wp\/v2\/product_brand?post=33452"},{"taxonomy":"product_cat","embeddable":true,"href":"http:\/\/shinyyoustationery.com\/fr\/wp-json\/wp\/v2\/product_cat?post=33452"},{"taxonomy":"product_tag","embeddable":true,"href":"http:\/\/shinyyoustationery.com\/fr\/wp-json\/wp\/v2\/product_tag?post=33452"}],"curies":[{"name":"wp","href":"https:\/\/api.w.org\/{rel}","templated":true}]}}