{"id":33461,"date":"2025-06-24T21:20:19","date_gmt":"2025-06-25T05:20:19","guid":{"rendered":"http:\/\/45.63.70.205\/?post_type=product&#038;p=33461"},"modified":"2025-06-24T21:35:25","modified_gmt":"2025-06-25T05:35:25","slug":"my-little-pony-pinkie-pie-stackable-coloring-pen-magic-color-changer-with-scented-ink","status":"publish","type":"product","link":"http:\/\/shinyyoustationery.com\/fr\/my-little-pony-pinkie-pie-stackable-coloring-pen-magic-color-changer-with-scented-ink\/","title":{"rendered":"My Little Pony Pinkie Pie Stackable Coloring Pen - Changeur de couleurs magique avec encre parfum\u00e9e"},"content":{"rendered":"","protected":false},"excerpt":{"rendered":"<p>Apportez de la magie color\u00e9e \u00e0 votre art avec le stylo de coloriage empilable My Little Pony Pinkie Pie ! Ce stylo amusant pr\u00e9sente un design unique empilable avec de multiples couleurs vibrantes et de l'encre parfum\u00e9e. Avec un changeur de couleur magique et une gomme, il est parfait pour les projets cr\u00e9atifs et pour ajouter une touche sp\u00e9ciale \u00e0 vos dessins. Id\u00e9al pour les fans de Pinkie Pie et de My Little Pony !<\/p>","protected":false},"featured_media":33466,"template":"","meta":[],"product_brand":[],"product_cat":[383],"product_tag":[],"class_list":{"0":"post-33461","1":"product","2":"type-product","3":"status-publish","4":"has-post-thumbnail","6":"product_cat-licensed-stationery-supplier","8":"first","9":"instock","10":"shipping-taxable","11":"product-type-simple"},"_links":{"self":[{"href":"http:\/\/shinyyoustationery.com\/fr\/wp-json\/wp\/v2\/product\/33461","targetHints":{"allow":["GET"]}}],"collection":[{"href":"http:\/\/shinyyoustationery.com\/fr\/wp-json\/wp\/v2\/product"}],"about":[{"href":"http:\/\/shinyyoustationery.com\/fr\/wp-json\/wp\/v2\/types\/product"}],"version-history":[{"count":0,"href":"http:\/\/shinyyoustationery.com\/fr\/wp-json\/wp\/v2\/product\/33461\/revisions"}],"wp:featuredmedia":[{"embeddable":true,"href":"http:\/\/shinyyoustationery.com\/fr\/wp-json\/wp\/v2\/media\/33466"}],"wp:attachment":[{"href":"http:\/\/shinyyoustationery.com\/fr\/wp-json\/wp\/v2\/media?parent=33461"}],"wp:term":[{"taxonomy":"product_brand","embeddable":true,"href":"http:\/\/shinyyoustationery.com\/fr\/wp-json\/wp\/v2\/product_brand?post=33461"},{"taxonomy":"product_cat","embeddable":true,"href":"http:\/\/shinyyoustationery.com\/fr\/wp-json\/wp\/v2\/product_cat?post=33461"},{"taxonomy":"product_tag","embeddable":true,"href":"http:\/\/shinyyoustationery.com\/fr\/wp-json\/wp\/v2\/product_tag?post=33461"}],"curies":[{"name":"wp","href":"https:\/\/api.w.org\/{rel}","templated":true}]}}