{"id":33469,"date":"2025-06-24T21:55:20","date_gmt":"2025-06-25T05:55:20","guid":{"rendered":"http:\/\/45.63.70.205\/?post_type=product&#038;p=33469"},"modified":"2025-06-24T21:56:17","modified_gmt":"2025-06-25T05:56:17","slug":"my-little-pony-pinkie-pie-pink-faux-leather-notebook","status":"publish","type":"product","link":"http:\/\/shinyyoustationery.com\/fr\/my-little-pony-pinkie-pie-pink-faux-leather-notebook\/","title":{"rendered":"My Little Pony Pinkie Pie Carnet de notes en simili-cuir rose"},"content":{"rendered":"","protected":false},"excerpt":{"rendered":"<p>Ce charmant carnet My Little Pony Pinkie Pie est l'accessoire parfait pour les fans du poney embl\u00e9matique ! Dot\u00e9 d'une ravissante couverture en similicuir rose avec un contour dor\u00e9 de Pinkie Pie, cet \u00e9l\u00e9gant carnet est id\u00e9al pour prendre des notes, faire des croquis ou tenir un journal. Son design accrocheur en fait un cadeau id\u00e9al pour tous ceux qui aiment My Little Pony et qui souhaitent ajouter une touche de magie \u00e0 leur collection de papeterie !<\/p>","protected":false},"featured_media":33465,"template":"","meta":[],"product_brand":[],"product_cat":[383],"product_tag":[],"class_list":{"0":"post-33469","1":"product","2":"type-product","3":"status-publish","4":"has-post-thumbnail","6":"product_cat-licensed-stationery-supplier","8":"first","9":"instock","10":"shipping-taxable","11":"product-type-simple"},"_links":{"self":[{"href":"http:\/\/shinyyoustationery.com\/fr\/wp-json\/wp\/v2\/product\/33469","targetHints":{"allow":["GET"]}}],"collection":[{"href":"http:\/\/shinyyoustationery.com\/fr\/wp-json\/wp\/v2\/product"}],"about":[{"href":"http:\/\/shinyyoustationery.com\/fr\/wp-json\/wp\/v2\/types\/product"}],"version-history":[{"count":0,"href":"http:\/\/shinyyoustationery.com\/fr\/wp-json\/wp\/v2\/product\/33469\/revisions"}],"wp:featuredmedia":[{"embeddable":true,"href":"http:\/\/shinyyoustationery.com\/fr\/wp-json\/wp\/v2\/media\/33465"}],"wp:attachment":[{"href":"http:\/\/shinyyoustationery.com\/fr\/wp-json\/wp\/v2\/media?parent=33469"}],"wp:term":[{"taxonomy":"product_brand","embeddable":true,"href":"http:\/\/shinyyoustationery.com\/fr\/wp-json\/wp\/v2\/product_brand?post=33469"},{"taxonomy":"product_cat","embeddable":true,"href":"http:\/\/shinyyoustationery.com\/fr\/wp-json\/wp\/v2\/product_cat?post=33469"},{"taxonomy":"product_tag","embeddable":true,"href":"http:\/\/shinyyoustationery.com\/fr\/wp-json\/wp\/v2\/product_tag?post=33469"}],"curies":[{"name":"wp","href":"https:\/\/api.w.org\/{rel}","templated":true}]}}