{"id":33471,"date":"2025-06-24T22:07:35","date_gmt":"2025-06-25T06:07:35","guid":{"rendered":"http:\/\/45.63.70.205\/?post_type=product&#038;p=33471"},"modified":"2025-06-24T22:07:36","modified_gmt":"2025-06-25T06:07:36","slug":"my-little-pony-unicorn-starry-notebook-mint-green-with-gold-foil","status":"publish","type":"product","link":"http:\/\/shinyyoustationery.com\/fr\/my-little-pony-unicorn-starry-notebook-mint-green-with-gold-foil\/","title":{"rendered":"My Little Pony Unicorn Starry Notebook - Vert menthe avec feuille d'or"},"content":{"rendered":"","protected":false},"excerpt":{"rendered":"<p>Le carnet My Little Pony Unicorn est dot\u00e9 d'une couverture souple vert menthe orn\u00e9e d'un superbe motif dor\u00e9 repr\u00e9sentant une licorne entour\u00e9e d'\u00e9toiles scintillantes. Parfait pour \u00e9crire, dessiner ou tenir un journal, ce carnet magique ajoute une touche d'\u00e9merveillement \u00e0 toute t\u00e2che cr\u00e9ative. Id\u00e9al pour les fans de My Little Pony et les amateurs de papeterie fantaisiste !<\/p>","protected":false},"featured_media":33473,"template":"","meta":[],"product_brand":[],"product_cat":[383],"product_tag":[],"class_list":{"0":"post-33471","1":"product","2":"type-product","3":"status-publish","4":"has-post-thumbnail","6":"product_cat-licensed-stationery-supplier","8":"first","9":"instock","10":"shipping-taxable","11":"product-type-simple"},"_links":{"self":[{"href":"http:\/\/shinyyoustationery.com\/fr\/wp-json\/wp\/v2\/product\/33471","targetHints":{"allow":["GET"]}}],"collection":[{"href":"http:\/\/shinyyoustationery.com\/fr\/wp-json\/wp\/v2\/product"}],"about":[{"href":"http:\/\/shinyyoustationery.com\/fr\/wp-json\/wp\/v2\/types\/product"}],"version-history":[{"count":0,"href":"http:\/\/shinyyoustationery.com\/fr\/wp-json\/wp\/v2\/product\/33471\/revisions"}],"wp:featuredmedia":[{"embeddable":true,"href":"http:\/\/shinyyoustationery.com\/fr\/wp-json\/wp\/v2\/media\/33473"}],"wp:attachment":[{"href":"http:\/\/shinyyoustationery.com\/fr\/wp-json\/wp\/v2\/media?parent=33471"}],"wp:term":[{"taxonomy":"product_brand","embeddable":true,"href":"http:\/\/shinyyoustationery.com\/fr\/wp-json\/wp\/v2\/product_brand?post=33471"},{"taxonomy":"product_cat","embeddable":true,"href":"http:\/\/shinyyoustationery.com\/fr\/wp-json\/wp\/v2\/product_cat?post=33471"},{"taxonomy":"product_tag","embeddable":true,"href":"http:\/\/shinyyoustationery.com\/fr\/wp-json\/wp\/v2\/product_tag?post=33471"}],"curies":[{"name":"wp","href":"https:\/\/api.w.org\/{rel}","templated":true}]}}