{"id":33514,"date":"2025-06-25T01:13:16","date_gmt":"2025-06-25T09:13:16","guid":{"rendered":"http:\/\/45.63.70.205\/?post_type=product&#038;p=33514"},"modified":"2025-06-25T01:15:35","modified_gmt":"2025-06-25T09:15:35","slug":"wholesale-custom-vibrant-neon-a5-spiral-notebook-for-school-or-office","status":"publish","type":"product","link":"http:\/\/shinyyoustationery.com\/fr\/wholesale-custom-vibrant-neon-a5-spiral-notebook-for-school-or-office\/","title":{"rendered":"Vente en gros de cahiers \u00e0 spirales A5 en n\u00e9on, personnalis\u00e9s, pour l'\u00e9cole ou le bureau"},"content":{"rendered":"","protected":false},"excerpt":{"rendered":"<p>Ce carnet \u00e0 spirales A5 vibrant pr\u00e9sente une couverture en PP noir audacieuse avec des motifs circulaires color\u00e9s dans des teintes n\u00e9on comme le vert, le bleu et le rose. Les couleurs vives et le design moderne font de ce carnet un outil id\u00e9al pour les professionnels cr\u00e9atifs, les \u00e9tudiants et tous ceux qui aiment la papeterie vibrante et accrocheuse. Parfait pour \u00e9crire, dessiner ou organiser des notes avec style !<\/p>","protected":false},"featured_media":33516,"template":"","meta":[],"product_brand":[],"product_cat":[699,493],"product_tag":[],"class_list":{"0":"post-33514","1":"product","2":"type-product","3":"status-publish","4":"has-post-thumbnail","6":"product_cat-neon-collection","7":"product_cat-spiral-notebook","9":"first","10":"instock","11":"shipping-taxable","12":"product-type-simple"},"_links":{"self":[{"href":"http:\/\/shinyyoustationery.com\/fr\/wp-json\/wp\/v2\/product\/33514","targetHints":{"allow":["GET"]}}],"collection":[{"href":"http:\/\/shinyyoustationery.com\/fr\/wp-json\/wp\/v2\/product"}],"about":[{"href":"http:\/\/shinyyoustationery.com\/fr\/wp-json\/wp\/v2\/types\/product"}],"version-history":[{"count":0,"href":"http:\/\/shinyyoustationery.com\/fr\/wp-json\/wp\/v2\/product\/33514\/revisions"}],"wp:featuredmedia":[{"embeddable":true,"href":"http:\/\/shinyyoustationery.com\/fr\/wp-json\/wp\/v2\/media\/33516"}],"wp:attachment":[{"href":"http:\/\/shinyyoustationery.com\/fr\/wp-json\/wp\/v2\/media?parent=33514"}],"wp:term":[{"taxonomy":"product_brand","embeddable":true,"href":"http:\/\/shinyyoustationery.com\/fr\/wp-json\/wp\/v2\/product_brand?post=33514"},{"taxonomy":"product_cat","embeddable":true,"href":"http:\/\/shinyyoustationery.com\/fr\/wp-json\/wp\/v2\/product_cat?post=33514"},{"taxonomy":"product_tag","embeddable":true,"href":"http:\/\/shinyyoustationery.com\/fr\/wp-json\/wp\/v2\/product_tag?post=33514"}],"curies":[{"name":"wp","href":"https:\/\/api.w.org\/{rel}","templated":true}]}}