{"id":33522,"date":"2025-06-25T01:49:36","date_gmt":"2025-06-25T09:49:36","guid":{"rendered":"http:\/\/45.63.70.205\/?post_type=product&#038;p=33522"},"modified":"2025-06-25T01:58:46","modified_gmt":"2025-06-25T09:58:46","slug":"wholesale-custom-neon-orange-rubber-bands-for-home-office-school","status":"publish","type":"product","link":"http:\/\/shinyyoustationery.com\/fr\/wholesale-custom-neon-orange-rubber-bands-for-home-office-school\/","title":{"rendered":"Vente en gros de bracelets en caoutchouc orange fluo personnalis\u00e9s pour la maison, le bureau et l'\u00e9cole"},"content":{"rendered":"","protected":false},"excerpt":{"rendered":"<p>Organisez votre espace de travail ou d'\u00e9tude avec ces \u00e9lastiques orange vif ! Parfaits pour le bureau, l'\u00e9cole ou la maison, ces \u00e9lastiques sont id\u00e9aux pour regrouper les papiers, organiser les fournitures et bricoler. L'ensemble est pr\u00e9sent\u00e9 dans un bocal transparent avec un couvercle orange pour un rangement facile, ce qui vous permet d'avoir toujours un acc\u00e8s rapide \u00e0 ces essentiels polyvalents de tous les jours.<\/p>","protected":false},"featured_media":33524,"template":"","meta":[],"product_brand":[],"product_cat":[699,423],"product_tag":[],"class_list":{"0":"post-33522","1":"product","2":"type-product","3":"status-publish","4":"has-post-thumbnail","6":"product_cat-neon-collection","7":"product_cat-rubber-band","9":"first","10":"instock","11":"shipping-taxable","12":"product-type-simple"},"_links":{"self":[{"href":"http:\/\/shinyyoustationery.com\/fr\/wp-json\/wp\/v2\/product\/33522","targetHints":{"allow":["GET"]}}],"collection":[{"href":"http:\/\/shinyyoustationery.com\/fr\/wp-json\/wp\/v2\/product"}],"about":[{"href":"http:\/\/shinyyoustationery.com\/fr\/wp-json\/wp\/v2\/types\/product"}],"version-history":[{"count":0,"href":"http:\/\/shinyyoustationery.com\/fr\/wp-json\/wp\/v2\/product\/33522\/revisions"}],"wp:featuredmedia":[{"embeddable":true,"href":"http:\/\/shinyyoustationery.com\/fr\/wp-json\/wp\/v2\/media\/33524"}],"wp:attachment":[{"href":"http:\/\/shinyyoustationery.com\/fr\/wp-json\/wp\/v2\/media?parent=33522"}],"wp:term":[{"taxonomy":"product_brand","embeddable":true,"href":"http:\/\/shinyyoustationery.com\/fr\/wp-json\/wp\/v2\/product_brand?post=33522"},{"taxonomy":"product_cat","embeddable":true,"href":"http:\/\/shinyyoustationery.com\/fr\/wp-json\/wp\/v2\/product_cat?post=33522"},{"taxonomy":"product_tag","embeddable":true,"href":"http:\/\/shinyyoustationery.com\/fr\/wp-json\/wp\/v2\/product_tag?post=33522"}],"curies":[{"name":"wp","href":"https:\/\/api.w.org\/{rel}","templated":true}]}}