{"id":33527,"date":"2025-06-25T01:54:03","date_gmt":"2025-06-25T09:54:03","guid":{"rendered":"http:\/\/45.63.70.205\/?post_type=product&#038;p=33527"},"modified":"2025-08-13T04:03:50","modified_gmt":"2025-08-13T12:03:50","slug":"wholesale-custom-neon-orange-document-bag-for-office-or-school","status":"publish","type":"product","link":"http:\/\/shinyyoustationery.com\/fr\/wholesale-custom-neon-orange-document-bag-for-office-or-school\/","title":{"rendered":"Vente en gros de porte-documents orange fluo personnalis\u00e9s pour le bureau ou l'\u00e9cole"},"content":{"rendered":"","protected":false},"excerpt":{"rendered":"<p>Gardez vos documents importants en s\u00e9curit\u00e9 et avec style gr\u00e2ce \u00e0 ce porte-documents orange fluo. Dot\u00e9 d'un design \u00e9l\u00e9gant et durable et d'un fermoir s\u00e9curis\u00e9, il est parfait pour organiser les papiers, les carnets ou les projets. Id\u00e9al pour la maison, le bureau ou l'\u00e9cole, ce sac vibrant garantit que vos documents sont \u00e0 la fois prot\u00e9g\u00e9s et faciles \u00e0 transporter.<\/p>","protected":false},"featured_media":33529,"template":"","meta":[],"product_brand":[],"product_cat":[699,531,532,412,438],"product_tag":[],"class_list":{"0":"post-33527","1":"product","2":"type-product","3":"status-publish","4":"has-post-thumbnail","6":"product_cat-neon-collection","7":"product_cat-document-bag-case","8":"product_cat-briefcase","9":"product_cat-document-file-folder","10":"product_cat-document-file-holder","12":"first","13":"instock","14":"shipping-taxable","15":"product-type-simple"},"_links":{"self":[{"href":"http:\/\/shinyyoustationery.com\/fr\/wp-json\/wp\/v2\/product\/33527","targetHints":{"allow":["GET"]}}],"collection":[{"href":"http:\/\/shinyyoustationery.com\/fr\/wp-json\/wp\/v2\/product"}],"about":[{"href":"http:\/\/shinyyoustationery.com\/fr\/wp-json\/wp\/v2\/types\/product"}],"version-history":[{"count":0,"href":"http:\/\/shinyyoustationery.com\/fr\/wp-json\/wp\/v2\/product\/33527\/revisions"}],"wp:featuredmedia":[{"embeddable":true,"href":"http:\/\/shinyyoustationery.com\/fr\/wp-json\/wp\/v2\/media\/33529"}],"wp:attachment":[{"href":"http:\/\/shinyyoustationery.com\/fr\/wp-json\/wp\/v2\/media?parent=33527"}],"wp:term":[{"taxonomy":"product_brand","embeddable":true,"href":"http:\/\/shinyyoustationery.com\/fr\/wp-json\/wp\/v2\/product_brand?post=33527"},{"taxonomy":"product_cat","embeddable":true,"href":"http:\/\/shinyyoustationery.com\/fr\/wp-json\/wp\/v2\/product_cat?post=33527"},{"taxonomy":"product_tag","embeddable":true,"href":"http:\/\/shinyyoustationery.com\/fr\/wp-json\/wp\/v2\/product_tag?post=33527"}],"curies":[{"name":"wp","href":"https:\/\/api.w.org\/{rel}","templated":true}]}}