{"id":33534,"date":"2025-06-25T02:02:49","date_gmt":"2025-06-25T10:02:49","guid":{"rendered":"http:\/\/45.63.70.205\/?post_type=product&#038;p=33534"},"modified":"2025-07-07T15:20:26","modified_gmt":"2025-07-07T07:20:26","slug":"wholesale-custom-neon-pink-and-yellow-zipper-pencil-case-for-school-office","status":"publish","type":"product","link":"http:\/\/shinyyoustationery.com\/fr\/wholesale-custom-neon-pink-and-yellow-zipper-pencil-case-for-school-office\/","title":{"rendered":"Vente en gros d'une trousse \u00e0 crayons \u00e0 fermeture \u00e9clair rose fluo et jaune pour l'\u00e9cole et le bureau"},"content":{"rendered":"","protected":false},"excerpt":{"rendered":"<p>Ajoutez une touche de couleur vibrante \u00e0 vos affaires scolaires ou de bureau avec cette trousse rose fluo et jaune. Dot\u00e9e d'un design durable et transparent et d'une fermeture \u00e0 glissi\u00e8re s\u00e9curis\u00e9e, elle est parfaite pour ranger stylos, crayons, gommes et autres petits accessoires. Un choix amusant et fonctionnel pour garder vos objets organis\u00e9s !<\/p>","protected":false},"featured_media":33536,"template":"","meta":[],"product_brand":[],"product_cat":[699,477,520],"product_tag":[],"class_list":{"0":"post-33534","1":"product","2":"type-product","3":"status-publish","4":"has-post-thumbnail","6":"product_cat-neon-collection","7":"product_cat-school-bags","8":"product_cat-pencil-case-pouch","10":"first","11":"instock","12":"shipping-taxable","13":"product-type-simple"},"_links":{"self":[{"href":"http:\/\/shinyyoustationery.com\/fr\/wp-json\/wp\/v2\/product\/33534","targetHints":{"allow":["GET"]}}],"collection":[{"href":"http:\/\/shinyyoustationery.com\/fr\/wp-json\/wp\/v2\/product"}],"about":[{"href":"http:\/\/shinyyoustationery.com\/fr\/wp-json\/wp\/v2\/types\/product"}],"version-history":[{"count":0,"href":"http:\/\/shinyyoustationery.com\/fr\/wp-json\/wp\/v2\/product\/33534\/revisions"}],"wp:featuredmedia":[{"embeddable":true,"href":"http:\/\/shinyyoustationery.com\/fr\/wp-json\/wp\/v2\/media\/33536"}],"wp:attachment":[{"href":"http:\/\/shinyyoustationery.com\/fr\/wp-json\/wp\/v2\/media?parent=33534"}],"wp:term":[{"taxonomy":"product_brand","embeddable":true,"href":"http:\/\/shinyyoustationery.com\/fr\/wp-json\/wp\/v2\/product_brand?post=33534"},{"taxonomy":"product_cat","embeddable":true,"href":"http:\/\/shinyyoustationery.com\/fr\/wp-json\/wp\/v2\/product_cat?post=33534"},{"taxonomy":"product_tag","embeddable":true,"href":"http:\/\/shinyyoustationery.com\/fr\/wp-json\/wp\/v2\/product_tag?post=33534"}],"curies":[{"name":"wp","href":"https:\/\/api.w.org\/{rel}","templated":true}]}}