{"id":33538,"date":"2025-06-25T02:15:49","date_gmt":"2025-06-25T10:15:49","guid":{"rendered":"http:\/\/45.63.70.205\/?post_type=product&#038;p=33538"},"modified":"2025-07-07T15:20:18","modified_gmt":"2025-07-07T07:20:18","slug":"wholesale-custom-neon-purple-transparent-pencil-case-with-orange-zipper-for-school-office","status":"publish","type":"product","link":"http:\/\/shinyyoustationery.com\/fr\/wholesale-custom-neon-purple-transparent-pencil-case-with-orange-zipper-for-school-office\/","title":{"rendered":"Vente en gros d'une trousse \u00e0 crayons transparente violet fluo avec fermeture \u00e9clair orange pour l'\u00e9cole et le bureau"},"content":{"rendered":"","protected":false},"excerpt":{"rendered":"<p>Dot\u00e9 d'un design transparent et durable et d'une fermeture \u00e0 glissi\u00e8re lisse, il est parfait pour organiser les stylos, les crayons et les petits accessoires. Un choix amusant et fonctionnel pour l'\u00e9cole ou le bureau, qui ajoute une touche vibrante \u00e0 votre collection d'articles de papeterie.<\/p>","protected":false},"featured_media":33540,"template":"","meta":[],"product_brand":[],"product_cat":[699,477,520],"product_tag":[],"class_list":{"0":"post-33538","1":"product","2":"type-product","3":"status-publish","4":"has-post-thumbnail","6":"product_cat-neon-collection","7":"product_cat-school-bags","8":"product_cat-pencil-case-pouch","10":"first","11":"instock","12":"shipping-taxable","13":"product-type-simple"},"_links":{"self":[{"href":"http:\/\/shinyyoustationery.com\/fr\/wp-json\/wp\/v2\/product\/33538","targetHints":{"allow":["GET"]}}],"collection":[{"href":"http:\/\/shinyyoustationery.com\/fr\/wp-json\/wp\/v2\/product"}],"about":[{"href":"http:\/\/shinyyoustationery.com\/fr\/wp-json\/wp\/v2\/types\/product"}],"version-history":[{"count":0,"href":"http:\/\/shinyyoustationery.com\/fr\/wp-json\/wp\/v2\/product\/33538\/revisions"}],"wp:featuredmedia":[{"embeddable":true,"href":"http:\/\/shinyyoustationery.com\/fr\/wp-json\/wp\/v2\/media\/33540"}],"wp:attachment":[{"href":"http:\/\/shinyyoustationery.com\/fr\/wp-json\/wp\/v2\/media?parent=33538"}],"wp:term":[{"taxonomy":"product_brand","embeddable":true,"href":"http:\/\/shinyyoustationery.com\/fr\/wp-json\/wp\/v2\/product_brand?post=33538"},{"taxonomy":"product_cat","embeddable":true,"href":"http:\/\/shinyyoustationery.com\/fr\/wp-json\/wp\/v2\/product_cat?post=33538"},{"taxonomy":"product_tag","embeddable":true,"href":"http:\/\/shinyyoustationery.com\/fr\/wp-json\/wp\/v2\/product_tag?post=33538"}],"curies":[{"name":"wp","href":"https:\/\/api.w.org\/{rel}","templated":true}]}}