{"id":33553,"date":"2025-06-25T02:50:48","date_gmt":"2025-06-25T10:50:48","guid":{"rendered":"http:\/\/45.63.70.205\/?post_type=product&#038;p=33553"},"modified":"2025-07-07T15:19:56","modified_gmt":"2025-07-07T07:19:56","slug":"wholesale-custom-neon-orange-glossy-pencil-case-for-school-office","status":"publish","type":"product","link":"http:\/\/shinyyoustationery.com\/fr\/wholesale-custom-neon-orange-glossy-pencil-case-for-school-office\/","title":{"rendered":"Vente en gros de la trousse \u00e0 crayons orange fluo brillante pour l'\u00e9cole et le bureau"},"content":{"rendered":"","protected":false},"excerpt":{"rendered":"<p>Cette \u00e9l\u00e9gante trousse orange brillante est parfaite pour ranger vos stylos, crayons et petits accessoires. Dot\u00e9e d'une fermeture \u00e0 glissi\u00e8re noire, elle constitue un moyen \u00e9l\u00e9gant et durable de ranger votre papeterie. Un choix vibrant et fonctionnel pour l'\u00e9cole et le bureau.<\/p>","protected":false},"featured_media":33555,"template":"","meta":[],"product_brand":[],"product_cat":[520,477,699],"product_tag":[],"class_list":{"0":"post-33553","1":"product","2":"type-product","3":"status-publish","4":"has-post-thumbnail","6":"product_cat-pencil-case-pouch","7":"product_cat-school-bags","8":"product_cat-neon-collection","10":"first","11":"instock","12":"shipping-taxable","13":"product-type-simple"},"_links":{"self":[{"href":"http:\/\/shinyyoustationery.com\/fr\/wp-json\/wp\/v2\/product\/33553","targetHints":{"allow":["GET"]}}],"collection":[{"href":"http:\/\/shinyyoustationery.com\/fr\/wp-json\/wp\/v2\/product"}],"about":[{"href":"http:\/\/shinyyoustationery.com\/fr\/wp-json\/wp\/v2\/types\/product"}],"version-history":[{"count":0,"href":"http:\/\/shinyyoustationery.com\/fr\/wp-json\/wp\/v2\/product\/33553\/revisions"}],"wp:featuredmedia":[{"embeddable":true,"href":"http:\/\/shinyyoustationery.com\/fr\/wp-json\/wp\/v2\/media\/33555"}],"wp:attachment":[{"href":"http:\/\/shinyyoustationery.com\/fr\/wp-json\/wp\/v2\/media?parent=33553"}],"wp:term":[{"taxonomy":"product_brand","embeddable":true,"href":"http:\/\/shinyyoustationery.com\/fr\/wp-json\/wp\/v2\/product_brand?post=33553"},{"taxonomy":"product_cat","embeddable":true,"href":"http:\/\/shinyyoustationery.com\/fr\/wp-json\/wp\/v2\/product_cat?post=33553"},{"taxonomy":"product_tag","embeddable":true,"href":"http:\/\/shinyyoustationery.com\/fr\/wp-json\/wp\/v2\/product_tag?post=33553"}],"curies":[{"name":"wp","href":"https:\/\/api.w.org\/{rel}","templated":true}]}}