{"id":33564,"date":"2025-06-25T03:40:57","date_gmt":"2025-06-25T11:40:57","guid":{"rendered":"http:\/\/45.63.70.205\/?post_type=product&#038;p=33564"},"modified":"2025-07-07T15:19:42","modified_gmt":"2025-07-07T07:19:42","slug":"wholesale-custom-neon-orange-plastic-pencil-case-for-school-office","status":"publish","type":"product","link":"http:\/\/shinyyoustationery.com\/fr\/wholesale-custom-neon-orange-plastic-pencil-case-for-school-office\/","title":{"rendered":"Vente en gros d'une trousse \u00e0 crayons en plastique orange fluo pour l'\u00e9cole et le bureau"},"content":{"rendered":"","protected":false},"excerpt":{"rendered":"<p>Organisez vos crayons, gommes et autres petites fournitures gr\u00e2ce \u00e0 cette \u00e9l\u00e9gante trousse en plastique orange. Sa conception compacte la rend parfaite pour l'\u00e9cole et le bureau, garantissant que vos articles essentiels restent prot\u00e9g\u00e9s et faciles d'acc\u00e8s.<\/p>","protected":false},"featured_media":33566,"template":"","meta":[],"product_brand":[],"product_cat":[520,477,699],"product_tag":[],"class_list":{"0":"post-33564","1":"product","2":"type-product","3":"status-publish","4":"has-post-thumbnail","6":"product_cat-pencil-case-pouch","7":"product_cat-school-bags","8":"product_cat-neon-collection","10":"first","11":"instock","12":"shipping-taxable","13":"product-type-simple"},"_links":{"self":[{"href":"http:\/\/shinyyoustationery.com\/fr\/wp-json\/wp\/v2\/product\/33564","targetHints":{"allow":["GET"]}}],"collection":[{"href":"http:\/\/shinyyoustationery.com\/fr\/wp-json\/wp\/v2\/product"}],"about":[{"href":"http:\/\/shinyyoustationery.com\/fr\/wp-json\/wp\/v2\/types\/product"}],"version-history":[{"count":0,"href":"http:\/\/shinyyoustationery.com\/fr\/wp-json\/wp\/v2\/product\/33564\/revisions"}],"wp:featuredmedia":[{"embeddable":true,"href":"http:\/\/shinyyoustationery.com\/fr\/wp-json\/wp\/v2\/media\/33566"}],"wp:attachment":[{"href":"http:\/\/shinyyoustationery.com\/fr\/wp-json\/wp\/v2\/media?parent=33564"}],"wp:term":[{"taxonomy":"product_brand","embeddable":true,"href":"http:\/\/shinyyoustationery.com\/fr\/wp-json\/wp\/v2\/product_brand?post=33564"},{"taxonomy":"product_cat","embeddable":true,"href":"http:\/\/shinyyoustationery.com\/fr\/wp-json\/wp\/v2\/product_cat?post=33564"},{"taxonomy":"product_tag","embeddable":true,"href":"http:\/\/shinyyoustationery.com\/fr\/wp-json\/wp\/v2\/product_tag?post=33564"}],"curies":[{"name":"wp","href":"https:\/\/api.w.org\/{rel}","templated":true}]}}