{"id":33568,"date":"2025-06-25T03:47:48","date_gmt":"2025-06-25T11:47:48","guid":{"rendered":"http:\/\/45.63.70.205\/?post_type=product&#038;p=33568"},"modified":"2025-06-25T03:54:47","modified_gmt":"2025-06-25T11:54:47","slug":"wholesale-custom-colorful-macaron-erasers-set-for-school-office","status":"publish","type":"product","link":"http:\/\/shinyyoustationery.com\/fr\/wholesale-custom-colorful-macaron-erasers-set-for-school-office\/","title":{"rendered":"Grossiste Jeu de gommes \u00e0 macaron color\u00e9es pour l'\u00e9cole et le bureau"},"content":{"rendered":"","protected":false},"excerpt":{"rendered":"<p>Ajoutez un peu de fantaisie \u00e0 vos fournitures scolaires ou de bureau avec cet ensemble vibrant de gommes en forme de macaron. Avec un assortiment de six couleurs vives, ces gommes sont parfaites pour faire dispara\u00eetre les erreurs d'\u00e9criture avec style !<\/p>","protected":false},"featured_media":33569,"template":"","meta":[],"product_brand":[],"product_cat":[419,699],"product_tag":[],"class_list":{"0":"post-33568","1":"product","2":"type-product","3":"status-publish","4":"has-post-thumbnail","6":"product_cat-eraser","7":"product_cat-neon-collection","9":"first","10":"instock","11":"shipping-taxable","12":"product-type-simple"},"_links":{"self":[{"href":"http:\/\/shinyyoustationery.com\/fr\/wp-json\/wp\/v2\/product\/33568","targetHints":{"allow":["GET"]}}],"collection":[{"href":"http:\/\/shinyyoustationery.com\/fr\/wp-json\/wp\/v2\/product"}],"about":[{"href":"http:\/\/shinyyoustationery.com\/fr\/wp-json\/wp\/v2\/types\/product"}],"version-history":[{"count":0,"href":"http:\/\/shinyyoustationery.com\/fr\/wp-json\/wp\/v2\/product\/33568\/revisions"}],"wp:featuredmedia":[{"embeddable":true,"href":"http:\/\/shinyyoustationery.com\/fr\/wp-json\/wp\/v2\/media\/33569"}],"wp:attachment":[{"href":"http:\/\/shinyyoustationery.com\/fr\/wp-json\/wp\/v2\/media?parent=33568"}],"wp:term":[{"taxonomy":"product_brand","embeddable":true,"href":"http:\/\/shinyyoustationery.com\/fr\/wp-json\/wp\/v2\/product_brand?post=33568"},{"taxonomy":"product_cat","embeddable":true,"href":"http:\/\/shinyyoustationery.com\/fr\/wp-json\/wp\/v2\/product_cat?post=33568"},{"taxonomy":"product_tag","embeddable":true,"href":"http:\/\/shinyyoustationery.com\/fr\/wp-json\/wp\/v2\/product_tag?post=33568"}],"curies":[{"name":"wp","href":"https:\/\/api.w.org\/{rel}","templated":true}]}}