{"id":33575,"date":"2025-06-25T04:03:39","date_gmt":"2025-06-25T12:03:39","guid":{"rendered":"http:\/\/45.63.70.205\/?post_type=product&#038;p=33575"},"modified":"2025-06-25T04:14:34","modified_gmt":"2025-06-25T12:14:34","slug":"wholesale-custom-colorful-pocket-calculator-for-school-office","status":"publish","type":"product","link":"http:\/\/shinyyoustationery.com\/fr\/wholesale-custom-colorful-pocket-calculator-for-school-office\/","title":{"rendered":"Grossiste Calculatrice de poche color\u00e9e personnalis\u00e9e pour l'\u00e9cole et le bureau"},"content":{"rendered":"","protected":false},"excerpt":{"rendered":"<p>Restez organis\u00e9 et \u00e9l\u00e9gant avec ces calculatrices de poche \u00e9clatantes. Disponibles en rose, bleu et vert, elles sont parfaites pour les calculs rapides \u00e0 l'\u00e9cole ou au bureau. Compactes et faciles \u00e0 transporter, ces calculatrices sont \u00e0 la fois pratiques et amusantes !<\/p>","protected":false},"featured_media":33576,"template":"","meta":[],"product_brand":[],"product_cat":[426,699],"product_tag":[],"class_list":{"0":"post-33575","1":"product","2":"type-product","3":"status-publish","4":"has-post-thumbnail","6":"product_cat-calculator","7":"product_cat-neon-collection","9":"first","10":"instock","11":"shipping-taxable","12":"product-type-simple"},"_links":{"self":[{"href":"http:\/\/shinyyoustationery.com\/fr\/wp-json\/wp\/v2\/product\/33575","targetHints":{"allow":["GET"]}}],"collection":[{"href":"http:\/\/shinyyoustationery.com\/fr\/wp-json\/wp\/v2\/product"}],"about":[{"href":"http:\/\/shinyyoustationery.com\/fr\/wp-json\/wp\/v2\/types\/product"}],"version-history":[{"count":0,"href":"http:\/\/shinyyoustationery.com\/fr\/wp-json\/wp\/v2\/product\/33575\/revisions"}],"wp:featuredmedia":[{"embeddable":true,"href":"http:\/\/shinyyoustationery.com\/fr\/wp-json\/wp\/v2\/media\/33576"}],"wp:attachment":[{"href":"http:\/\/shinyyoustationery.com\/fr\/wp-json\/wp\/v2\/media?parent=33575"}],"wp:term":[{"taxonomy":"product_brand","embeddable":true,"href":"http:\/\/shinyyoustationery.com\/fr\/wp-json\/wp\/v2\/product_brand?post=33575"},{"taxonomy":"product_cat","embeddable":true,"href":"http:\/\/shinyyoustationery.com\/fr\/wp-json\/wp\/v2\/product_cat?post=33575"},{"taxonomy":"product_tag","embeddable":true,"href":"http:\/\/shinyyoustationery.com\/fr\/wp-json\/wp\/v2\/product_tag?post=33575"}],"curies":[{"name":"wp","href":"https:\/\/api.w.org\/{rel}","templated":true}]}}