{"id":33580,"date":"2025-06-25T04:22:24","date_gmt":"2025-06-25T12:22:24","guid":{"rendered":"http:\/\/45.63.70.205\/?post_type=product&#038;p=33580"},"modified":"2025-06-25T04:22:24","modified_gmt":"2025-06-25T12:22:24","slug":"wholesale-custom-colorful-stationery-set-for-school-office-multiple-colors","status":"publish","type":"product","link":"http:\/\/shinyyoustationery.com\/fr\/wholesale-custom-colorful-stationery-set-for-school-office-multiple-colors\/","title":{"rendered":"Set de papeterie color\u00e9 en gros pour l'\u00e9cole et le bureau (plusieurs couleurs)"},"content":{"rendered":"","protected":false},"excerpt":{"rendered":"<p>Restez organis\u00e9 et mettez de la couleur dans votre espace de travail avec ce set de papeterie vibrant, disponible en vert, rose, bleu et orange. Parfait pour l'\u00e9cole et le bureau, ce set comprend une r\u00e8gle, des stylos, des crayons, un taille-crayon et une gomme pour vous permettre d'\u00eatre pr\u00eat \u00e0 accomplir n'importe quelle t\u00e2che.<\/p>","protected":false},"featured_media":33584,"template":"","meta":[],"product_brand":[],"product_cat":[331,699],"product_tag":[],"class_list":{"0":"post-33580","1":"product","2":"type-product","3":"status-publish","4":"has-post-thumbnail","6":"product_cat-stationery-set","7":"product_cat-neon-collection","9":"first","10":"instock","11":"shipping-taxable","12":"product-type-simple"},"_links":{"self":[{"href":"http:\/\/shinyyoustationery.com\/fr\/wp-json\/wp\/v2\/product\/33580","targetHints":{"allow":["GET"]}}],"collection":[{"href":"http:\/\/shinyyoustationery.com\/fr\/wp-json\/wp\/v2\/product"}],"about":[{"href":"http:\/\/shinyyoustationery.com\/fr\/wp-json\/wp\/v2\/types\/product"}],"version-history":[{"count":0,"href":"http:\/\/shinyyoustationery.com\/fr\/wp-json\/wp\/v2\/product\/33580\/revisions"}],"wp:featuredmedia":[{"embeddable":true,"href":"http:\/\/shinyyoustationery.com\/fr\/wp-json\/wp\/v2\/media\/33584"}],"wp:attachment":[{"href":"http:\/\/shinyyoustationery.com\/fr\/wp-json\/wp\/v2\/media?parent=33580"}],"wp:term":[{"taxonomy":"product_brand","embeddable":true,"href":"http:\/\/shinyyoustationery.com\/fr\/wp-json\/wp\/v2\/product_brand?post=33580"},{"taxonomy":"product_cat","embeddable":true,"href":"http:\/\/shinyyoustationery.com\/fr\/wp-json\/wp\/v2\/product_cat?post=33580"},{"taxonomy":"product_tag","embeddable":true,"href":"http:\/\/shinyyoustationery.com\/fr\/wp-json\/wp\/v2\/product_tag?post=33580"}],"curies":[{"name":"wp","href":"https:\/\/api.w.org\/{rel}","templated":true}]}}