{"id":33595,"date":"2025-06-25T21:26:31","date_gmt":"2025-06-26T05:26:31","guid":{"rendered":"http:\/\/45.63.70.205\/?post_type=product&#038;p=33595"},"modified":"2025-07-14T00:49:10","modified_gmt":"2025-07-14T08:49:10","slug":"wholesale-custom-neon-green-desk-organizer-set-for-office-school","status":"publish","type":"product","link":"http:\/\/shinyyoustationery.com\/fr\/wholesale-custom-neon-green-desk-organizer-set-for-office-school\/","title":{"rendered":"Grossiste Set d'organisation de bureau vert fluo personnalis\u00e9 pour le bureau et l'\u00e9cole"},"content":{"rendered":"","protected":false},"excerpt":{"rendered":"<p>Id\u00e9al pour le bureau et l'\u00e9cole, il comprend des \u00e9l\u00e9ments qui peuvent \u00eatre facilement pli\u00e9s et assembl\u00e9s. L'ensemble comprend des sections pour ranger les petites fournitures de bureau comme le papier, les stylos et d'autres articles essentiels, afin que chaque chose ait sa place. L'ensemble est facile \u00e0 assembler gr\u00e2ce aux instructions claires fournies.<\/p>","protected":false},"featured_media":33596,"template":"","meta":[],"product_brand":[],"product_cat":[699,331,402,427,675],"product_tag":[],"class_list":{"0":"post-33595","1":"product","2":"type-product","3":"status-publish","4":"has-post-thumbnail","6":"product_cat-neon-collection","7":"product_cat-stationery-set","8":"product_cat-desk-organizer-accessories","9":"product_cat-desk-organizer","10":"product_cat-school-desk-organizer","12":"first","13":"instock","14":"shipping-taxable","15":"product-type-simple"},"_links":{"self":[{"href":"http:\/\/shinyyoustationery.com\/fr\/wp-json\/wp\/v2\/product\/33595","targetHints":{"allow":["GET"]}}],"collection":[{"href":"http:\/\/shinyyoustationery.com\/fr\/wp-json\/wp\/v2\/product"}],"about":[{"href":"http:\/\/shinyyoustationery.com\/fr\/wp-json\/wp\/v2\/types\/product"}],"version-history":[{"count":0,"href":"http:\/\/shinyyoustationery.com\/fr\/wp-json\/wp\/v2\/product\/33595\/revisions"}],"wp:featuredmedia":[{"embeddable":true,"href":"http:\/\/shinyyoustationery.com\/fr\/wp-json\/wp\/v2\/media\/33596"}],"wp:attachment":[{"href":"http:\/\/shinyyoustationery.com\/fr\/wp-json\/wp\/v2\/media?parent=33595"}],"wp:term":[{"taxonomy":"product_brand","embeddable":true,"href":"http:\/\/shinyyoustationery.com\/fr\/wp-json\/wp\/v2\/product_brand?post=33595"},{"taxonomy":"product_cat","embeddable":true,"href":"http:\/\/shinyyoustationery.com\/fr\/wp-json\/wp\/v2\/product_cat?post=33595"},{"taxonomy":"product_tag","embeddable":true,"href":"http:\/\/shinyyoustationery.com\/fr\/wp-json\/wp\/v2\/product_tag?post=33595"}],"curies":[{"name":"wp","href":"https:\/\/api.w.org\/{rel}","templated":true}]}}