{"id":33610,"date":"2025-06-25T22:06:11","date_gmt":"2025-06-26T06:06:11","guid":{"rendered":"http:\/\/45.63.70.205\/?post_type=product&#038;p=33610"},"modified":"2025-07-02T19:44:53","modified_gmt":"2025-07-02T11:44:53","slug":"wholesale-custom-neon-flower-pen-and-highlighter-set-for-office-school","status":"publish","type":"product","link":"http:\/\/shinyyoustationery.com\/fr\/wholesale-custom-neon-flower-pen-and-highlighter-set-for-office-school\/","title":{"rendered":"Vente en gros de stylos et surligneurs \u00e0 fleurs n\u00e9on personnalis\u00e9s pour le bureau et l'\u00e9cole"},"content":{"rendered":"","protected":false},"excerpt":{"rendered":"<p>Ajoutez une touche de gaiet\u00e9 \u00e0 votre collection d'articles de papeterie avec cet ensemble de stylos et de surligneurs en forme de fleur. Disponibles dans des couleurs vives telles que le rose, l'orange, le vert et le bleu, ces articles uniques sont parfaits pour l'\u00e9cole ou le bureau. Le design fleuri vibrant les rend amusants et faciles \u00e0 utiliser, id\u00e9aux pour souligner les points importants et \u00e9crire avec une touche de couleur.<\/p>","protected":false},"featured_media":33611,"template":"","meta":[],"product_brand":[],"product_cat":[418,415,699],"product_tag":[],"class_list":{"0":"post-33610","1":"product","2":"type-product","3":"status-publish","4":"has-post-thumbnail","6":"product_cat-highlighter","7":"product_cat-pen","8":"product_cat-neon-collection","10":"first","11":"instock","12":"shipping-taxable","13":"product-type-simple"},"_links":{"self":[{"href":"http:\/\/shinyyoustationery.com\/fr\/wp-json\/wp\/v2\/product\/33610","targetHints":{"allow":["GET"]}}],"collection":[{"href":"http:\/\/shinyyoustationery.com\/fr\/wp-json\/wp\/v2\/product"}],"about":[{"href":"http:\/\/shinyyoustationery.com\/fr\/wp-json\/wp\/v2\/types\/product"}],"version-history":[{"count":0,"href":"http:\/\/shinyyoustationery.com\/fr\/wp-json\/wp\/v2\/product\/33610\/revisions"}],"wp:featuredmedia":[{"embeddable":true,"href":"http:\/\/shinyyoustationery.com\/fr\/wp-json\/wp\/v2\/media\/33611"}],"wp:attachment":[{"href":"http:\/\/shinyyoustationery.com\/fr\/wp-json\/wp\/v2\/media?parent=33610"}],"wp:term":[{"taxonomy":"product_brand","embeddable":true,"href":"http:\/\/shinyyoustationery.com\/fr\/wp-json\/wp\/v2\/product_brand?post=33610"},{"taxonomy":"product_cat","embeddable":true,"href":"http:\/\/shinyyoustationery.com\/fr\/wp-json\/wp\/v2\/product_cat?post=33610"},{"taxonomy":"product_tag","embeddable":true,"href":"http:\/\/shinyyoustationery.com\/fr\/wp-json\/wp\/v2\/product_tag?post=33610"}],"curies":[{"name":"wp","href":"https:\/\/api.w.org\/{rel}","templated":true}]}}