{"id":33616,"date":"2025-06-25T22:14:02","date_gmt":"2025-06-26T06:14:02","guid":{"rendered":"http:\/\/45.63.70.205\/?post_type=product&#038;p=33616"},"modified":"2025-07-02T19:44:44","modified_gmt":"2025-07-02T11:44:44","slug":"wholesale-custom-neon-10-pack-ballpoint-pens-for-office-school","status":"publish","type":"product","link":"http:\/\/shinyyoustationery.com\/fr\/wholesale-custom-neon-10-pack-ballpoint-pens-for-office-school\/","title":{"rendered":"Wholesale Custom Neon 10-Pack Stylo \u00e0 bille pour le bureau et l'\u00e9cole"},"content":{"rendered":"","protected":false},"excerpt":{"rendered":"<p>Ce lot de 10 stylos \u00e0 bille est parfait pour une utilisation quotidienne \u00e0 l'\u00e9cole et au bureau. L'\u00e9coulement r\u00e9gulier de l'encre facilite l'\u00e9criture de notes, de devoirs et de documents, tandis que le design \u00e9l\u00e9gant offre un grand confort pendant les longues s\u00e9ances d'\u00e9criture. Un compl\u00e9ment \u00e9l\u00e9gant et fonctionnel \u00e0 toute collection de papeterie.<\/p>","protected":false},"featured_media":33617,"template":"","meta":[],"product_brand":[],"product_cat":[479,415,699],"product_tag":[],"class_list":{"0":"post-33616","1":"product","2":"type-product","3":"status-publish","4":"has-post-thumbnail","6":"product_cat-ballpoint-pen","7":"product_cat-pen","8":"product_cat-neon-collection","10":"first","11":"instock","12":"shipping-taxable","13":"product-type-simple"},"_links":{"self":[{"href":"http:\/\/shinyyoustationery.com\/fr\/wp-json\/wp\/v2\/product\/33616","targetHints":{"allow":["GET"]}}],"collection":[{"href":"http:\/\/shinyyoustationery.com\/fr\/wp-json\/wp\/v2\/product"}],"about":[{"href":"http:\/\/shinyyoustationery.com\/fr\/wp-json\/wp\/v2\/types\/product"}],"version-history":[{"count":0,"href":"http:\/\/shinyyoustationery.com\/fr\/wp-json\/wp\/v2\/product\/33616\/revisions"}],"wp:featuredmedia":[{"embeddable":true,"href":"http:\/\/shinyyoustationery.com\/fr\/wp-json\/wp\/v2\/media\/33617"}],"wp:attachment":[{"href":"http:\/\/shinyyoustationery.com\/fr\/wp-json\/wp\/v2\/media?parent=33616"}],"wp:term":[{"taxonomy":"product_brand","embeddable":true,"href":"http:\/\/shinyyoustationery.com\/fr\/wp-json\/wp\/v2\/product_brand?post=33616"},{"taxonomy":"product_cat","embeddable":true,"href":"http:\/\/shinyyoustationery.com\/fr\/wp-json\/wp\/v2\/product_cat?post=33616"},{"taxonomy":"product_tag","embeddable":true,"href":"http:\/\/shinyyoustationery.com\/fr\/wp-json\/wp\/v2\/product_tag?post=33616"}],"curies":[{"name":"wp","href":"https:\/\/api.w.org\/{rel}","templated":true}]}}