{"id":33625,"date":"2025-06-25T23:18:17","date_gmt":"2025-06-26T07:18:17","guid":{"rendered":"http:\/\/45.63.70.205\/?post_type=product&#038;p=33625"},"modified":"2025-06-25T23:19:24","modified_gmt":"2025-06-26T07:19:24","slug":"wholesale-custom-a5-pu-leather-journal-pink-blue-gradient-for-office-school","status":"publish","type":"product","link":"http:\/\/shinyyoustationery.com\/fr\/wholesale-custom-a5-pu-leather-journal-pink-blue-gradient-for-office-school\/","title":{"rendered":"Wholesale Custom A5 PU Leather Journal Pink &amp; Blue Gradient for Office &amp; School"},"content":{"rendered":"","protected":false},"excerpt":{"rendered":"<p>Ce superbe journal A5 en cuir PU pr\u00e9sente un magnifique motif iris\u00e9 d\u00e9grad\u00e9, passant du rose au bleu. Id\u00e9al pour l'\u00e9cole et le bureau, ce journal est dot\u00e9 d'une couverture rigide r\u00e9sistante et d'une bande \u00e9lastique pour une fermeture s\u00fbre. L'\u00e9tiquette ludique \"JOURNAL\" ajoute une touche de personnalit\u00e9, ce qui en fait un compl\u00e9ment \u00e9l\u00e9gant et fonctionnel \u00e0 votre collection d'articles de papeterie. Parfait pour \u00e9crire, prendre des notes ou tenir un journal.<\/p>","protected":false},"featured_media":33626,"template":"","meta":[],"product_brand":[],"product_cat":[667,494,495,684],"product_tag":[],"class_list":{"0":"post-33625","1":"product","2":"type-product","3":"status-publish","4":"has-post-thumbnail","6":"product_cat-hardcover-notebook","7":"product_cat-composition-notebook","8":"product_cat-exercise-book","9":"product_cat-fashion-collection","11":"first","12":"instock","13":"shipping-taxable","14":"product-type-simple"},"_links":{"self":[{"href":"http:\/\/shinyyoustationery.com\/fr\/wp-json\/wp\/v2\/product\/33625","targetHints":{"allow":["GET"]}}],"collection":[{"href":"http:\/\/shinyyoustationery.com\/fr\/wp-json\/wp\/v2\/product"}],"about":[{"href":"http:\/\/shinyyoustationery.com\/fr\/wp-json\/wp\/v2\/types\/product"}],"version-history":[{"count":0,"href":"http:\/\/shinyyoustationery.com\/fr\/wp-json\/wp\/v2\/product\/33625\/revisions"}],"wp:featuredmedia":[{"embeddable":true,"href":"http:\/\/shinyyoustationery.com\/fr\/wp-json\/wp\/v2\/media\/33626"}],"wp:attachment":[{"href":"http:\/\/shinyyoustationery.com\/fr\/wp-json\/wp\/v2\/media?parent=33625"}],"wp:term":[{"taxonomy":"product_brand","embeddable":true,"href":"http:\/\/shinyyoustationery.com\/fr\/wp-json\/wp\/v2\/product_brand?post=33625"},{"taxonomy":"product_cat","embeddable":true,"href":"http:\/\/shinyyoustationery.com\/fr\/wp-json\/wp\/v2\/product_cat?post=33625"},{"taxonomy":"product_tag","embeddable":true,"href":"http:\/\/shinyyoustationery.com\/fr\/wp-json\/wp\/v2\/product_tag?post=33625"}],"curies":[{"name":"wp","href":"https:\/\/api.w.org\/{rel}","templated":true}]}}