{"id":33629,"date":"2025-06-25T23:45:40","date_gmt":"2025-06-26T07:45:40","guid":{"rendered":"http:\/\/45.63.70.205\/?post_type=product&#038;p=33629"},"modified":"2025-06-25T23:45:40","modified_gmt":"2025-06-26T07:45:40","slug":"wholesale-custom-iridescent-a5-pu-leather-journal-with-pink-elastic-band-stylish-notebook-for-school-office","status":"publish","type":"product","link":"http:\/\/shinyyoustationery.com\/fr\/wholesale-custom-iridescent-a5-pu-leather-journal-with-pink-elastic-band-stylish-notebook-for-school-office\/","title":{"rendered":"Wholesale Custom Iridescent A5 PU Leather Journal with Pink Elastic Band - Stylish Notebook for School &amp; Office"},"content":{"rendered":"","protected":false},"excerpt":{"rendered":"<p>Ce superbe carnet A5 en cuir PU pr\u00e9sente une couverture iris\u00e9e et holographique avec un \u00e9lastique rose doux, ce qui le rend parfait pour une utilisation \u00e0 l'\u00e9cole ou au bureau. La surface lisse et r\u00e9fl\u00e9chissante ajoute une touche unique \u00e0 votre collection de papeterie. Id\u00e9al pour la prise de notes, la r\u00e9daction d'un journal ou l'organisation de vos id\u00e9es avec style, ce carnet durable garantit que vos pens\u00e9es sont conserv\u00e9es en toute s\u00e9curit\u00e9 et facilement accessibles.<\/p>","protected":false},"featured_media":33633,"template":"","meta":[],"product_brand":[],"product_cat":[667,494,495,684],"product_tag":[],"class_list":{"0":"post-33629","1":"product","2":"type-product","3":"status-publish","4":"has-post-thumbnail","6":"product_cat-hardcover-notebook","7":"product_cat-composition-notebook","8":"product_cat-exercise-book","9":"product_cat-fashion-collection","11":"first","12":"instock","13":"shipping-taxable","14":"product-type-simple"},"_links":{"self":[{"href":"http:\/\/shinyyoustationery.com\/fr\/wp-json\/wp\/v2\/product\/33629","targetHints":{"allow":["GET"]}}],"collection":[{"href":"http:\/\/shinyyoustationery.com\/fr\/wp-json\/wp\/v2\/product"}],"about":[{"href":"http:\/\/shinyyoustationery.com\/fr\/wp-json\/wp\/v2\/types\/product"}],"version-history":[{"count":0,"href":"http:\/\/shinyyoustationery.com\/fr\/wp-json\/wp\/v2\/product\/33629\/revisions"}],"wp:featuredmedia":[{"embeddable":true,"href":"http:\/\/shinyyoustationery.com\/fr\/wp-json\/wp\/v2\/media\/33633"}],"wp:attachment":[{"href":"http:\/\/shinyyoustationery.com\/fr\/wp-json\/wp\/v2\/media?parent=33629"}],"wp:term":[{"taxonomy":"product_brand","embeddable":true,"href":"http:\/\/shinyyoustationery.com\/fr\/wp-json\/wp\/v2\/product_brand?post=33629"},{"taxonomy":"product_cat","embeddable":true,"href":"http:\/\/shinyyoustationery.com\/fr\/wp-json\/wp\/v2\/product_cat?post=33629"},{"taxonomy":"product_tag","embeddable":true,"href":"http:\/\/shinyyoustationery.com\/fr\/wp-json\/wp\/v2\/product_tag?post=33629"}],"curies":[{"name":"wp","href":"https:\/\/api.w.org\/{rel}","templated":true}]}}