{"id":33638,"date":"2025-06-26T00:11:07","date_gmt":"2025-06-26T08:11:07","guid":{"rendered":"http:\/\/45.63.70.205\/?post_type=product&#038;p=33638"},"modified":"2025-06-26T00:20:02","modified_gmt":"2025-06-26T08:20:02","slug":"wholesale-custom-iridescent-a4-pu-hardcover-notebook-stylish-journal-for-office-school","status":"publish","type":"product","link":"http:\/\/shinyyoustationery.com\/fr\/wholesale-custom-iridescent-a4-pu-hardcover-notebook-stylish-journal-for-office-school\/","title":{"rendered":"Wholesale Custom Iridescent A4 PU Hardcover Notebook Stylish Journal for Office &amp; School"},"content":{"rendered":"","protected":false},"excerpt":{"rendered":"<p>Ce carnet en cuir PU de format A4 pr\u00e9sente une superbe couverture iris\u00e9e avec l'impression audacieuse \"SAVAGE NOT AVERAGE\", ce qui en fait un compl\u00e9ment amusant et accrocheur \u00e0 vos accessoires de bureau ou d'\u00e9cole. Ses couleurs vibrantes changent avec la lumi\u00e8re, ajoutant une touche de style suppl\u00e9mentaire \u00e0 votre prise de notes ou \u00e0 votre journal. La couverture rigide durable garantit la protection de vos pages, tandis que le format spacieux offre suffisamment d'espace pour \u00e9crire, dessiner et organiser vos pens\u00e9es. Parfait pour ceux qui aiment se d\u00e9marquer !<\/p>","protected":false},"featured_media":33640,"template":"","meta":[],"product_brand":[],"product_cat":[495,494,667,684],"product_tag":[],"class_list":{"0":"post-33638","1":"product","2":"type-product","3":"status-publish","4":"has-post-thumbnail","6":"product_cat-exercise-book","7":"product_cat-composition-notebook","8":"product_cat-hardcover-notebook","9":"product_cat-fashion-collection","11":"first","12":"instock","13":"shipping-taxable","14":"product-type-simple"},"_links":{"self":[{"href":"http:\/\/shinyyoustationery.com\/fr\/wp-json\/wp\/v2\/product\/33638","targetHints":{"allow":["GET"]}}],"collection":[{"href":"http:\/\/shinyyoustationery.com\/fr\/wp-json\/wp\/v2\/product"}],"about":[{"href":"http:\/\/shinyyoustationery.com\/fr\/wp-json\/wp\/v2\/types\/product"}],"version-history":[{"count":0,"href":"http:\/\/shinyyoustationery.com\/fr\/wp-json\/wp\/v2\/product\/33638\/revisions"}],"wp:featuredmedia":[{"embeddable":true,"href":"http:\/\/shinyyoustationery.com\/fr\/wp-json\/wp\/v2\/media\/33640"}],"wp:attachment":[{"href":"http:\/\/shinyyoustationery.com\/fr\/wp-json\/wp\/v2\/media?parent=33638"}],"wp:term":[{"taxonomy":"product_brand","embeddable":true,"href":"http:\/\/shinyyoustationery.com\/fr\/wp-json\/wp\/v2\/product_brand?post=33638"},{"taxonomy":"product_cat","embeddable":true,"href":"http:\/\/shinyyoustationery.com\/fr\/wp-json\/wp\/v2\/product_cat?post=33638"},{"taxonomy":"product_tag","embeddable":true,"href":"http:\/\/shinyyoustationery.com\/fr\/wp-json\/wp\/v2\/product_tag?post=33638"}],"curies":[{"name":"wp","href":"https:\/\/api.w.org\/{rel}","templated":true}]}}