{"id":33653,"date":"2025-06-26T00:35:55","date_gmt":"2025-06-26T08:35:55","guid":{"rendered":"http:\/\/45.63.70.205\/?post_type=product&#038;p=33653"},"modified":"2025-08-04T00:57:41","modified_gmt":"2025-08-04T08:57:41","slug":"wholesale-custom-black-fashion-pencil-case-fun-storage-for-school-office","status":"publish","type":"product","link":"http:\/\/shinyyoustationery.com\/fr\/wholesale-custom-black-fashion-pencil-case-fun-storage-for-school-office\/","title":{"rendered":"Wholesale Custom Black Fashion Pencil Case - Rangement amusant pour l'\u00e9cole et le bureau"},"content":{"rendered":"","protected":false},"excerpt":{"rendered":"<p>Cette \u00e9l\u00e9gante trousse noire arbore le motif ludique \"Resting Sour Face\", parfait pour ajouter un peu de personnalit\u00e9 \u00e0 vos fournitures scolaires ou de bureau. Dot\u00e9e d'une fermeture \u00e0 glissi\u00e8re durable et d'un int\u00e9rieur spacieux, elle est id\u00e9ale pour ranger les stylos, les crayons et d'autres articles essentiels. Son design audacieux et sa finition lisse le rendent \u00e0 la fois fonctionnel et amusant, ce qui en fait un article indispensable pour les \u00e9tudiants ou les professionnels \u00e0 la recherche d'une organisation \u00e9l\u00e9gante.<\/p>","protected":false},"featured_media":33651,"template":"","meta":[],"product_brand":[],"product_cat":[520,684],"product_tag":[],"class_list":{"0":"post-33653","1":"product","2":"type-product","3":"status-publish","4":"has-post-thumbnail","6":"product_cat-pencil-case-pouch","7":"product_cat-fashion-collection","9":"first","10":"instock","11":"shipping-taxable","12":"product-type-simple"},"_links":{"self":[{"href":"http:\/\/shinyyoustationery.com\/fr\/wp-json\/wp\/v2\/product\/33653","targetHints":{"allow":["GET"]}}],"collection":[{"href":"http:\/\/shinyyoustationery.com\/fr\/wp-json\/wp\/v2\/product"}],"about":[{"href":"http:\/\/shinyyoustationery.com\/fr\/wp-json\/wp\/v2\/types\/product"}],"version-history":[{"count":0,"href":"http:\/\/shinyyoustationery.com\/fr\/wp-json\/wp\/v2\/product\/33653\/revisions"}],"wp:featuredmedia":[{"embeddable":true,"href":"http:\/\/shinyyoustationery.com\/fr\/wp-json\/wp\/v2\/media\/33651"}],"wp:attachment":[{"href":"http:\/\/shinyyoustationery.com\/fr\/wp-json\/wp\/v2\/media?parent=33653"}],"wp:term":[{"taxonomy":"product_brand","embeddable":true,"href":"http:\/\/shinyyoustationery.com\/fr\/wp-json\/wp\/v2\/product_brand?post=33653"},{"taxonomy":"product_cat","embeddable":true,"href":"http:\/\/shinyyoustationery.com\/fr\/wp-json\/wp\/v2\/product_cat?post=33653"},{"taxonomy":"product_tag","embeddable":true,"href":"http:\/\/shinyyoustationery.com\/fr\/wp-json\/wp\/v2\/product_tag?post=33653"}],"curies":[{"name":"wp","href":"https:\/\/api.w.org\/{rel}","templated":true}]}}