{"id":33707,"date":"2025-06-26T18:38:40","date_gmt":"2025-06-27T02:38:40","guid":{"rendered":"http:\/\/45.63.70.205\/?post_type=product&#038;p=33707"},"modified":"2025-07-07T15:32:19","modified_gmt":"2025-07-07T07:32:19","slug":"wholesale-custom-pixel-chomp-diy-coloring-tote-bag-eco-friendly-bag-for-creative-kids-and-adults","status":"publish","type":"product","link":"http:\/\/shinyyoustationery.com\/fr\/wholesale-custom-pixel-chomp-diy-coloring-tote-bag-eco-friendly-bag-for-creative-kids-and-adults\/","title":{"rendered":"Wholesale Custom Pixel &amp; Chomp DIY Coloring Tote Bag - Sac \u00e9cologique pour les enfants et les adultes cr\u00e9atifs"},"content":{"rendered":"","protected":false},"excerpt":{"rendered":"<p>Lib\u00e9rez votre cr\u00e9ativit\u00e9 avec le sac fourre-tout \u00e0 colorier \"Pixel &amp; Chomp\" ! Ce sac unique est livr\u00e9 avec un ensemble de marqueurs color\u00e9s, vous permettant de personnaliser l'amusant personnage Pixel &amp; Chomp \u00e0 votre guise. Parfait pour les enfants, les artistes ou tous ceux qui aiment ajouter une touche personnelle \u00e0 leurs accessoires. Fabriqu\u00e9 en coton durable de couleur beige clair, ce sac fourre-tout respectueux de l'environnement est id\u00e9al pour transporter les objets de tous les jours tout en mettant en valeur votre sens artistique. Que ce soit pour une journ\u00e9e, l'\u00e9cole ou un projet d'artisanat, ce sac ne manquera pas de se d\u00e9marquer !<\/p>","protected":false},"featured_media":33702,"template":"","meta":[],"product_brand":[],"product_cat":[404,535,701,705],"product_tag":[],"class_list":{"0":"post-33707","1":"product","2":"type-product","3":"status-publish","4":"has-post-thumbnail","6":"product_cat-bags-cases","7":"product_cat-storage-bag","8":"product_cat-pixel-chomp-collection","9":"product_cat-tote-bag","11":"first","12":"instock","13":"shipping-taxable","14":"product-type-simple"},"_links":{"self":[{"href":"http:\/\/shinyyoustationery.com\/fr\/wp-json\/wp\/v2\/product\/33707","targetHints":{"allow":["GET"]}}],"collection":[{"href":"http:\/\/shinyyoustationery.com\/fr\/wp-json\/wp\/v2\/product"}],"about":[{"href":"http:\/\/shinyyoustationery.com\/fr\/wp-json\/wp\/v2\/types\/product"}],"version-history":[{"count":0,"href":"http:\/\/shinyyoustationery.com\/fr\/wp-json\/wp\/v2\/product\/33707\/revisions"}],"wp:featuredmedia":[{"embeddable":true,"href":"http:\/\/shinyyoustationery.com\/fr\/wp-json\/wp\/v2\/media\/33702"}],"wp:attachment":[{"href":"http:\/\/shinyyoustationery.com\/fr\/wp-json\/wp\/v2\/media?parent=33707"}],"wp:term":[{"taxonomy":"product_brand","embeddable":true,"href":"http:\/\/shinyyoustationery.com\/fr\/wp-json\/wp\/v2\/product_brand?post=33707"},{"taxonomy":"product_cat","embeddable":true,"href":"http:\/\/shinyyoustationery.com\/fr\/wp-json\/wp\/v2\/product_cat?post=33707"},{"taxonomy":"product_tag","embeddable":true,"href":"http:\/\/shinyyoustationery.com\/fr\/wp-json\/wp\/v2\/product_tag?post=33707"}],"curies":[{"name":"wp","href":"https:\/\/api.w.org\/{rel}","templated":true}]}}