{"id":33717,"date":"2025-06-26T19:30:18","date_gmt":"2025-06-27T03:30:18","guid":{"rendered":"http:\/\/45.63.70.205\/?post_type=product&#038;p=33717"},"modified":"2025-07-14T01:01:47","modified_gmt":"2025-07-14T09:01:47","slug":"morphe-x-jeffree-star-pink-cosmetic-bag-sleek-and-stylish-makeup-organizer","status":"publish","type":"product","link":"http:\/\/shinyyoustationery.com\/fr\/morphe-x-jeffree-star-pink-cosmetic-bag-sleek-and-stylish-makeup-organizer\/","title":{"rendered":"Morphe X Jeffree Star Pink Cosmetic Bag Sleek and Stylish Makeup Organizer"},"content":{"rendered":"","protected":false},"excerpt":{"rendered":"<p>Cette trousse \u00e0 cosm\u00e9tiques rose vif de la collection Morphe X Jeffree Star est un must pour les amoureux de la beaut\u00e9. Sa finition brillante et son design chic la rendent parfaite pour organiser votre maquillage, vos pinceaux et autres objets essentiels. Le sac est \u00e0 la fois compact et spacieux, offrant suffisamment d'espace pour vos articles de beaut\u00e9 tout en les gardant bien organis\u00e9s. Que vous soyez \u00e0 la maison ou en d\u00e9placement, ce sac \u00e9l\u00e9gant et fonctionnel ajoute une touche de couleur \u00e0 votre routine beaut\u00e9.<\/p>","protected":false},"featured_media":33719,"template":"","meta":[],"product_brand":[],"product_cat":[700,404,533,537],"product_tag":[],"class_list":{"0":"post-33717","1":"product","2":"type-product","3":"status-publish","4":"has-post-thumbnail","6":"product_cat-hot-pink-power-girl-collection","7":"product_cat-bags-cases","8":"product_cat-organizer-bag","9":"product_cat-cosmetic-bag","11":"first","12":"instock","13":"shipping-taxable","14":"product-type-simple"},"_links":{"self":[{"href":"http:\/\/shinyyoustationery.com\/fr\/wp-json\/wp\/v2\/product\/33717","targetHints":{"allow":["GET"]}}],"collection":[{"href":"http:\/\/shinyyoustationery.com\/fr\/wp-json\/wp\/v2\/product"}],"about":[{"href":"http:\/\/shinyyoustationery.com\/fr\/wp-json\/wp\/v2\/types\/product"}],"version-history":[{"count":0,"href":"http:\/\/shinyyoustationery.com\/fr\/wp-json\/wp\/v2\/product\/33717\/revisions"}],"wp:featuredmedia":[{"embeddable":true,"href":"http:\/\/shinyyoustationery.com\/fr\/wp-json\/wp\/v2\/media\/33719"}],"wp:attachment":[{"href":"http:\/\/shinyyoustationery.com\/fr\/wp-json\/wp\/v2\/media?parent=33717"}],"wp:term":[{"taxonomy":"product_brand","embeddable":true,"href":"http:\/\/shinyyoustationery.com\/fr\/wp-json\/wp\/v2\/product_brand?post=33717"},{"taxonomy":"product_cat","embeddable":true,"href":"http:\/\/shinyyoustationery.com\/fr\/wp-json\/wp\/v2\/product_cat?post=33717"},{"taxonomy":"product_tag","embeddable":true,"href":"http:\/\/shinyyoustationery.com\/fr\/wp-json\/wp\/v2\/product_tag?post=33717"}],"curies":[{"name":"wp","href":"https:\/\/api.w.org\/{rel}","templated":true}]}}