{"id":33726,"date":"2025-06-26T21:21:25","date_gmt":"2025-06-27T05:21:25","guid":{"rendered":"http:\/\/45.63.70.205\/?post_type=product&#038;p=33726"},"modified":"2025-07-07T15:30:45","modified_gmt":"2025-07-07T07:30:45","slug":"trendy-pink-cosmetic-bag-stylish-pouch-for-makeup-lovers","status":"publish","type":"product","link":"http:\/\/shinyyoustationery.com\/fr\/trendy-pink-cosmetic-bag-stylish-pouch-for-makeup-lovers\/","title":{"rendered":"Trendy Pink Cosmetic Bag Stylish Pouch for Makeup Lovers (en anglais)"},"content":{"rendered":"","protected":false},"excerpt":{"rendered":"<p>Cette trousse \u00e0 cosm\u00e9tiques rose vif est parfaite pour les amateurs de couleurs vives et audacieuses. Dot\u00e9e du motif ludique \"PINK\", cette trousse est id\u00e9ale pour organiser votre maquillage ou vos petits accessoires. La mati\u00e8re transparente et brillante ajoute une touche tendance, ce qui en fait un accessoire attrayant pour un usage quotidien ou en voyage. Compacte mais spacieuse, c'est le choix parfait pour conserver vos essentiels de beaut\u00e9 avec style !<\/p>","protected":false},"featured_media":33727,"template":"","meta":[],"product_brand":[],"product_cat":[537,533,700,404],"product_tag":[],"class_list":{"0":"post-33726","1":"product","2":"type-product","3":"status-publish","4":"has-post-thumbnail","6":"product_cat-cosmetic-bag","7":"product_cat-organizer-bag","8":"product_cat-hot-pink-power-girl-collection","9":"product_cat-bags-cases","11":"first","12":"instock","13":"shipping-taxable","14":"product-type-simple"},"_links":{"self":[{"href":"http:\/\/shinyyoustationery.com\/fr\/wp-json\/wp\/v2\/product\/33726","targetHints":{"allow":["GET"]}}],"collection":[{"href":"http:\/\/shinyyoustationery.com\/fr\/wp-json\/wp\/v2\/product"}],"about":[{"href":"http:\/\/shinyyoustationery.com\/fr\/wp-json\/wp\/v2\/types\/product"}],"version-history":[{"count":0,"href":"http:\/\/shinyyoustationery.com\/fr\/wp-json\/wp\/v2\/product\/33726\/revisions"}],"wp:featuredmedia":[{"embeddable":true,"href":"http:\/\/shinyyoustationery.com\/fr\/wp-json\/wp\/v2\/media\/33727"}],"wp:attachment":[{"href":"http:\/\/shinyyoustationery.com\/fr\/wp-json\/wp\/v2\/media?parent=33726"}],"wp:term":[{"taxonomy":"product_brand","embeddable":true,"href":"http:\/\/shinyyoustationery.com\/fr\/wp-json\/wp\/v2\/product_brand?post=33726"},{"taxonomy":"product_cat","embeddable":true,"href":"http:\/\/shinyyoustationery.com\/fr\/wp-json\/wp\/v2\/product_cat?post=33726"},{"taxonomy":"product_tag","embeddable":true,"href":"http:\/\/shinyyoustationery.com\/fr\/wp-json\/wp\/v2\/product_tag?post=33726"}],"curies":[{"name":"wp","href":"https:\/\/api.w.org\/{rel}","templated":true}]}}