{"id":33735,"date":"2025-06-26T21:31:30","date_gmt":"2025-06-27T05:31:30","guid":{"rendered":"http:\/\/45.63.70.205\/?post_type=product&#038;p=33735"},"modified":"2025-07-14T00:57:17","modified_gmt":"2025-07-14T08:57:17","slug":"colorful-iridescent-pencil-case-with-heart-pom-pom-fun-and-fashionable-organizer","status":"publish","type":"product","link":"http:\/\/shinyyoustationery.com\/fr\/colorful-iridescent-pencil-case-with-heart-pom-pom-fun-and-fashionable-organizer\/","title":{"rendered":"Trousse \u00e0 crayons color\u00e9e et iris\u00e9e avec c\u0153ur et pompon Organisateur amusant et \u00e0 la mode"},"content":{"rendered":"","protected":false},"excerpt":{"rendered":"<p>Ajoutez une touche ludique \u00e0 votre collection de papeterie avec cette trousse \u00e0 crayons iris\u00e9e. Dot\u00e9e d'un joli motif en forme de c\u0153ur et d'une tirette \u00e0 pompon, cette trousse multicolore et vibrante est parfaite pour ranger vos stylos, crayons et petits accessoires. Sa finition brillante, semblable \u00e0 un arc-en-ciel, capte la lumi\u00e8re de mani\u00e8re unique, ce qui la rend \u00e0 la fois fonctionnelle et \u00e0 la mode. Id\u00e9al pour les \u00e9tudiants, les artistes et tous ceux qui aiment ajouter une touche de couleur \u00e0 leurs articles de tous les jours !<\/p>","protected":false},"featured_media":33737,"template":"","meta":[],"product_brand":[],"product_cat":[520,404,700],"product_tag":[],"class_list":{"0":"post-33735","1":"product","2":"type-product","3":"status-publish","4":"has-post-thumbnail","6":"product_cat-pencil-case-pouch","7":"product_cat-bags-cases","8":"product_cat-hot-pink-power-girl-collection","10":"first","11":"instock","12":"shipping-taxable","13":"product-type-simple"},"_links":{"self":[{"href":"http:\/\/shinyyoustationery.com\/fr\/wp-json\/wp\/v2\/product\/33735","targetHints":{"allow":["GET"]}}],"collection":[{"href":"http:\/\/shinyyoustationery.com\/fr\/wp-json\/wp\/v2\/product"}],"about":[{"href":"http:\/\/shinyyoustationery.com\/fr\/wp-json\/wp\/v2\/types\/product"}],"version-history":[{"count":0,"href":"http:\/\/shinyyoustationery.com\/fr\/wp-json\/wp\/v2\/product\/33735\/revisions"}],"wp:featuredmedia":[{"embeddable":true,"href":"http:\/\/shinyyoustationery.com\/fr\/wp-json\/wp\/v2\/media\/33737"}],"wp:attachment":[{"href":"http:\/\/shinyyoustationery.com\/fr\/wp-json\/wp\/v2\/media?parent=33735"}],"wp:term":[{"taxonomy":"product_brand","embeddable":true,"href":"http:\/\/shinyyoustationery.com\/fr\/wp-json\/wp\/v2\/product_brand?post=33735"},{"taxonomy":"product_cat","embeddable":true,"href":"http:\/\/shinyyoustationery.com\/fr\/wp-json\/wp\/v2\/product_cat?post=33735"},{"taxonomy":"product_tag","embeddable":true,"href":"http:\/\/shinyyoustationery.com\/fr\/wp-json\/wp\/v2\/product_tag?post=33735"}],"curies":[{"name":"wp","href":"https:\/\/api.w.org\/{rel}","templated":true}]}}