{"id":33739,"date":"2025-06-26T21:41:31","date_gmt":"2025-06-27T05:41:31","guid":{"rendered":"http:\/\/45.63.70.205\/?post_type=product&#038;p=33739"},"modified":"2025-07-14T00:57:29","modified_gmt":"2025-07-14T08:57:29","slug":"pink-cat-themed-iridescent-pencil-case-with-pom-pom-cute-and-stylish-organizer","status":"publish","type":"product","link":"http:\/\/shinyyoustationery.com\/fr\/pink-cat-themed-iridescent-pencil-case-with-pom-pom-cute-and-stylish-organizer\/","title":{"rendered":"Trousse \u00e0 crayons iris\u00e9e \u00e0 th\u00e8me chat rose avec Pom Pom Organisateur mignon et styl\u00e9"},"content":{"rendered":"","protected":false},"excerpt":{"rendered":"<p>Cette trousse \u00e0 crayons ludique allie plaisir et fonctionnalit\u00e9 gr\u00e2ce \u00e0 sa couleur rose vibrante et \u00e0 son mignon design inspir\u00e9 des chats. Dot\u00e9e d'une finition iris\u00e9e et d'une tirette \u00e0 pompon, elle est parfaite pour les \u00e9tudiants, les artistes et tous ceux qui aiment les accessoires originaux. Le couvercle transparent vous permet de voir facilement votre contenu tout en le gardant organis\u00e9. Compacte et \u00e9l\u00e9gante, cette trousse est id\u00e9ale pour l'\u00e9cole, les voyages ou l'usage quotidien !<\/p>","protected":false},"featured_media":33741,"template":"","meta":[],"product_brand":[],"product_cat":[520,404,700],"product_tag":[],"class_list":{"0":"post-33739","1":"product","2":"type-product","3":"status-publish","4":"has-post-thumbnail","6":"product_cat-pencil-case-pouch","7":"product_cat-bags-cases","8":"product_cat-hot-pink-power-girl-collection","10":"first","11":"instock","12":"shipping-taxable","13":"product-type-simple"},"_links":{"self":[{"href":"http:\/\/shinyyoustationery.com\/fr\/wp-json\/wp\/v2\/product\/33739","targetHints":{"allow":["GET"]}}],"collection":[{"href":"http:\/\/shinyyoustationery.com\/fr\/wp-json\/wp\/v2\/product"}],"about":[{"href":"http:\/\/shinyyoustationery.com\/fr\/wp-json\/wp\/v2\/types\/product"}],"version-history":[{"count":0,"href":"http:\/\/shinyyoustationery.com\/fr\/wp-json\/wp\/v2\/product\/33739\/revisions"}],"wp:featuredmedia":[{"embeddable":true,"href":"http:\/\/shinyyoustationery.com\/fr\/wp-json\/wp\/v2\/media\/33741"}],"wp:attachment":[{"href":"http:\/\/shinyyoustationery.com\/fr\/wp-json\/wp\/v2\/media?parent=33739"}],"wp:term":[{"taxonomy":"product_brand","embeddable":true,"href":"http:\/\/shinyyoustationery.com\/fr\/wp-json\/wp\/v2\/product_brand?post=33739"},{"taxonomy":"product_cat","embeddable":true,"href":"http:\/\/shinyyoustationery.com\/fr\/wp-json\/wp\/v2\/product_cat?post=33739"},{"taxonomy":"product_tag","embeddable":true,"href":"http:\/\/shinyyoustationery.com\/fr\/wp-json\/wp\/v2\/product_tag?post=33739"}],"curies":[{"name":"wp","href":"https:\/\/api.w.org\/{rel}","templated":true}]}}