{"id":33743,"date":"2025-06-26T21:44:32","date_gmt":"2025-06-27T05:44:32","guid":{"rendered":"http:\/\/45.63.70.205\/?post_type=product&#038;p=33743"},"modified":"2025-07-14T00:57:44","modified_gmt":"2025-07-14T08:57:44","slug":"magic-themed-iridescent-pencil-case-with-pom-pom-fun-and-whimsical-organizer","status":"publish","type":"product","link":"http:\/\/shinyyoustationery.com\/fr\/magic-themed-iridescent-pencil-case-with-pom-pom-fun-and-whimsical-organizer\/","title":{"rendered":"Trousse \u00e0 crayons iris\u00e9e sur le th\u00e8me de la magie avec Pom Pom Fun et Organisateur fantaisiste"},"content":{"rendered":"","protected":false},"excerpt":{"rendered":"<p>Cette trousse magique et iris\u00e9e apporte une touche d'enchantement \u00e0 vos objets de tous les jours. Affichant le mot \"Magic\" en lettres roses audacieuses et compl\u00e9t\u00e9e par une tirette de fermeture \u00e9clair \u00e0 pompon color\u00e9, cette trousse amusante et \u00e9l\u00e9gante est parfaite pour ranger stylos, crayons et autres petits objets. Ses couleurs vives changent \u00e0 la lumi\u00e8re, ajoutant un charme fantaisiste qui convient parfaitement aux \u00e9tudiants, aux artistes et \u00e0 tous ceux qui aiment avoir un peu de magie dans leur journ\u00e9e.<\/p>","protected":false},"featured_media":33745,"template":"","meta":[],"product_brand":[],"product_cat":[520,404,700],"product_tag":[],"class_list":{"0":"post-33743","1":"product","2":"type-product","3":"status-publish","4":"has-post-thumbnail","6":"product_cat-pencil-case-pouch","7":"product_cat-bags-cases","8":"product_cat-hot-pink-power-girl-collection","10":"first","11":"instock","12":"shipping-taxable","13":"product-type-simple"},"_links":{"self":[{"href":"http:\/\/shinyyoustationery.com\/fr\/wp-json\/wp\/v2\/product\/33743","targetHints":{"allow":["GET"]}}],"collection":[{"href":"http:\/\/shinyyoustationery.com\/fr\/wp-json\/wp\/v2\/product"}],"about":[{"href":"http:\/\/shinyyoustationery.com\/fr\/wp-json\/wp\/v2\/types\/product"}],"version-history":[{"count":0,"href":"http:\/\/shinyyoustationery.com\/fr\/wp-json\/wp\/v2\/product\/33743\/revisions"}],"wp:featuredmedia":[{"embeddable":true,"href":"http:\/\/shinyyoustationery.com\/fr\/wp-json\/wp\/v2\/media\/33745"}],"wp:attachment":[{"href":"http:\/\/shinyyoustationery.com\/fr\/wp-json\/wp\/v2\/media?parent=33743"}],"wp:term":[{"taxonomy":"product_brand","embeddable":true,"href":"http:\/\/shinyyoustationery.com\/fr\/wp-json\/wp\/v2\/product_brand?post=33743"},{"taxonomy":"product_cat","embeddable":true,"href":"http:\/\/shinyyoustationery.com\/fr\/wp-json\/wp\/v2\/product_cat?post=33743"},{"taxonomy":"product_tag","embeddable":true,"href":"http:\/\/shinyyoustationery.com\/fr\/wp-json\/wp\/v2\/product_tag?post=33743"}],"curies":[{"name":"wp","href":"https:\/\/api.w.org\/{rel}","templated":true}]}}