{"id":33748,"date":"2025-06-26T21:46:38","date_gmt":"2025-06-27T05:46:38","guid":{"rendered":"http:\/\/45.63.70.205\/?post_type=product&#038;p=33748"},"modified":"2025-06-26T21:51:02","modified_gmt":"2025-06-27T05:51:02","slug":"enjoy-themed-iridescent-pencil-case-vibrant-fun-and-practical-organizer","status":"publish","type":"product","link":"http:\/\/shinyyoustationery.com\/fr\/enjoy-themed-iridescent-pencil-case-vibrant-fun-and-practical-organizer\/","title":{"rendered":"Trousse \u00e0 crayons iris\u00e9e sur le th\u00e8me d'Enjoy Organisateur vibrant, amusant et pratique"},"content":{"rendered":"","protected":false},"excerpt":{"rendered":"<p>Cette trousse \u00e0 crayons iris\u00e9e apporte une touche de couleur et de joie \u00e0 vos affaires de tous les jours. Avec le slogan joyeux \"ENJOY\" et un smiley, cette trousse amusante et \u00e9l\u00e9gante est parfaite pour ajouter de la positivit\u00e9 \u00e0 vos fournitures scolaires ou de bureau. Son design color\u00e9 et chatoyant et sa fermeture \u00e9clair rose vif la rendent \u00e0 la fois attrayante et pratique pour organiser vos stylos, crayons et petits accessoires. Que vous soyez \u00e0 l'\u00e9cole, au travail ou en voyage, cette trousse \u00e0 crayons ne manquera pas de r\u00e9pandre un peu de bonheur !<\/p>","protected":false},"featured_media":33750,"template":"","meta":[],"product_brand":[],"product_cat":[520,404,700],"product_tag":[],"class_list":{"0":"post-33748","1":"product","2":"type-product","3":"status-publish","4":"has-post-thumbnail","6":"product_cat-pencil-case-pouch","7":"product_cat-bags-cases","8":"product_cat-hot-pink-power-girl-collection","10":"first","11":"instock","12":"shipping-taxable","13":"product-type-simple"},"_links":{"self":[{"href":"http:\/\/shinyyoustationery.com\/fr\/wp-json\/wp\/v2\/product\/33748","targetHints":{"allow":["GET"]}}],"collection":[{"href":"http:\/\/shinyyoustationery.com\/fr\/wp-json\/wp\/v2\/product"}],"about":[{"href":"http:\/\/shinyyoustationery.com\/fr\/wp-json\/wp\/v2\/types\/product"}],"version-history":[{"count":0,"href":"http:\/\/shinyyoustationery.com\/fr\/wp-json\/wp\/v2\/product\/33748\/revisions"}],"wp:featuredmedia":[{"embeddable":true,"href":"http:\/\/shinyyoustationery.com\/fr\/wp-json\/wp\/v2\/media\/33750"}],"wp:attachment":[{"href":"http:\/\/shinyyoustationery.com\/fr\/wp-json\/wp\/v2\/media?parent=33748"}],"wp:term":[{"taxonomy":"product_brand","embeddable":true,"href":"http:\/\/shinyyoustationery.com\/fr\/wp-json\/wp\/v2\/product_brand?post=33748"},{"taxonomy":"product_cat","embeddable":true,"href":"http:\/\/shinyyoustationery.com\/fr\/wp-json\/wp\/v2\/product_cat?post=33748"},{"taxonomy":"product_tag","embeddable":true,"href":"http:\/\/shinyyoustationery.com\/fr\/wp-json\/wp\/v2\/product_tag?post=33748"}],"curies":[{"name":"wp","href":"https:\/\/api.w.org\/{rel}","templated":true}]}}