{"id":33757,"date":"2025-06-26T22:00:35","date_gmt":"2025-06-27T06:00:35","guid":{"rendered":"http:\/\/45.63.70.205\/?post_type=product&#038;p=33757"},"modified":"2025-06-26T22:02:39","modified_gmt":"2025-06-27T06:02:39","slug":"iridescent-sunglasses-inspired-pencil-case-fun-and-fashionable-organizer","status":"publish","type":"product","link":"http:\/\/shinyyoustationery.com\/fr\/iridescent-sunglasses-inspired-pencil-case-fun-and-fashionable-organizer\/","title":{"rendered":"Trousse \u00e0 crayons inspir\u00e9e des lunettes de soleil iris\u00e9es Organisateur amusant et \u00e0 la mode"},"content":{"rendered":"","protected":false},"excerpt":{"rendered":"<p>Cette trousse ludique, inspir\u00e9e des lunettes de soleil, est une fa\u00e7on \u00e9l\u00e9gante d'organiser vos objets essentiels. Avec sa finition iris\u00e9e qui passe du rose au bleu, elle pr\u00e9sente un design unique qui rappelle les lunettes de soleil \u0153il de chat \u00e0 la mode. La fermeture \u00e9clair rose vif et le corps transparent en font un accessoire amusant et fonctionnel pour les \u00e9tudiants, les artistes et tous ceux qui aiment les designs excentriques et accrocheurs. Parfait pour ranger vos stylos, crayons ou autres petits objets de mani\u00e8re ordonn\u00e9e et \u00e0 la mode !<\/p>","protected":false},"featured_media":33753,"template":"","meta":[],"product_brand":[],"product_cat":[520,404,700],"product_tag":[],"class_list":{"0":"post-33757","1":"product","2":"type-product","3":"status-publish","4":"has-post-thumbnail","6":"product_cat-pencil-case-pouch","7":"product_cat-bags-cases","8":"product_cat-hot-pink-power-girl-collection","10":"first","11":"instock","12":"shipping-taxable","13":"product-type-simple"},"_links":{"self":[{"href":"http:\/\/shinyyoustationery.com\/fr\/wp-json\/wp\/v2\/product\/33757","targetHints":{"allow":["GET"]}}],"collection":[{"href":"http:\/\/shinyyoustationery.com\/fr\/wp-json\/wp\/v2\/product"}],"about":[{"href":"http:\/\/shinyyoustationery.com\/fr\/wp-json\/wp\/v2\/types\/product"}],"version-history":[{"count":0,"href":"http:\/\/shinyyoustationery.com\/fr\/wp-json\/wp\/v2\/product\/33757\/revisions"}],"wp:featuredmedia":[{"embeddable":true,"href":"http:\/\/shinyyoustationery.com\/fr\/wp-json\/wp\/v2\/media\/33753"}],"wp:attachment":[{"href":"http:\/\/shinyyoustationery.com\/fr\/wp-json\/wp\/v2\/media?parent=33757"}],"wp:term":[{"taxonomy":"product_brand","embeddable":true,"href":"http:\/\/shinyyoustationery.com\/fr\/wp-json\/wp\/v2\/product_brand?post=33757"},{"taxonomy":"product_cat","embeddable":true,"href":"http:\/\/shinyyoustationery.com\/fr\/wp-json\/wp\/v2\/product_cat?post=33757"},{"taxonomy":"product_tag","embeddable":true,"href":"http:\/\/shinyyoustationery.com\/fr\/wp-json\/wp\/v2\/product_tag?post=33757"}],"curies":[{"name":"wp","href":"https:\/\/api.w.org\/{rel}","templated":true}]}}