{"id":33764,"date":"2025-06-26T22:26:31","date_gmt":"2025-06-27T06:26:31","guid":{"rendered":"http:\/\/45.63.70.205\/?post_type=product&#038;p=33764"},"modified":"2025-06-26T22:29:04","modified_gmt":"2025-06-27T06:29:04","slug":"iridescent-floral-pouch-with-pom-pom-cute-and-playful-accessory","status":"publish","type":"product","link":"http:\/\/shinyyoustationery.com\/fr\/iridescent-floral-pouch-with-pom-pom-cute-and-playful-accessory\/","title":{"rendered":"Pochette florale iris\u00e9e avec Pom Pom Accessoire mignon et ludique"},"content":{"rendered":"","protected":false},"excerpt":{"rendered":"<p>Cette charmante pochette iris\u00e9e est orn\u00e9e d'un pompon rose vif et d'une tirette de fermeture \u00e9clair en forme de fleur, ce qui en fait un accessoire amusant qui attire l'attention. Avec son design subtil de changement de couleur, elle est parfaite pour organiser de petits objets tels que du maquillage, des pi\u00e8ces de monnaie ou des articles de papeterie. Les rayures roses ludiques et la fleur ajoutent une touche mignonne, ce qui en fait l'accessoire id\u00e9al pour les \u00e9tudiants, les voyageurs et tous ceux qui aiment les accessoires excentriques et color\u00e9s. Compact mais \u00e9l\u00e9gant, il est parfait pour transporter vos objets essentiels avec style !<\/p>","protected":false},"featured_media":33765,"template":"","meta":[],"product_brand":[],"product_cat":[520,404,700],"product_tag":[],"class_list":{"0":"post-33764","1":"product","2":"type-product","3":"status-publish","4":"has-post-thumbnail","6":"product_cat-pencil-case-pouch","7":"product_cat-bags-cases","8":"product_cat-hot-pink-power-girl-collection","10":"first","11":"instock","12":"shipping-taxable","13":"product-type-simple"},"_links":{"self":[{"href":"http:\/\/shinyyoustationery.com\/fr\/wp-json\/wp\/v2\/product\/33764","targetHints":{"allow":["GET"]}}],"collection":[{"href":"http:\/\/shinyyoustationery.com\/fr\/wp-json\/wp\/v2\/product"}],"about":[{"href":"http:\/\/shinyyoustationery.com\/fr\/wp-json\/wp\/v2\/types\/product"}],"version-history":[{"count":0,"href":"http:\/\/shinyyoustationery.com\/fr\/wp-json\/wp\/v2\/product\/33764\/revisions"}],"wp:featuredmedia":[{"embeddable":true,"href":"http:\/\/shinyyoustationery.com\/fr\/wp-json\/wp\/v2\/media\/33765"}],"wp:attachment":[{"href":"http:\/\/shinyyoustationery.com\/fr\/wp-json\/wp\/v2\/media?parent=33764"}],"wp:term":[{"taxonomy":"product_brand","embeddable":true,"href":"http:\/\/shinyyoustationery.com\/fr\/wp-json\/wp\/v2\/product_brand?post=33764"},{"taxonomy":"product_cat","embeddable":true,"href":"http:\/\/shinyyoustationery.com\/fr\/wp-json\/wp\/v2\/product_cat?post=33764"},{"taxonomy":"product_tag","embeddable":true,"href":"http:\/\/shinyyoustationery.com\/fr\/wp-json\/wp\/v2\/product_tag?post=33764"}],"curies":[{"name":"wp","href":"https:\/\/api.w.org\/{rel}","templated":true}]}}