{"id":33772,"date":"2025-06-26T22:41:18","date_gmt":"2025-06-27T06:41:18","guid":{"rendered":"http:\/\/45.63.70.205\/?post_type=product&#038;p=33772"},"modified":"2025-07-07T15:23:05","modified_gmt":"2025-07-07T07:23:05","slug":"rainbow-iridescent-pencil-case-for-girls-fun-colorful-school-organizer","status":"publish","type":"product","link":"http:\/\/shinyyoustationery.com\/fr\/rainbow-iridescent-pencil-case-for-girls-fun-colorful-school-organizer\/","title":{"rendered":"Trousse \u00e0 crayons arc-en-ciel iris\u00e9e pour filles Organisateur scolaire amusant et color\u00e9"},"content":{"rendered":"","protected":false},"excerpt":{"rendered":"<p>Cette trousse arc-en-ciel vibrante est parfaite pour les filles d'\u00e2ge scolaire qui aiment les couleurs vives et les accessoires \u00e9l\u00e9gants. Dot\u00e9e d'une finition iris\u00e9e qui change avec la lumi\u00e8re et d'une jolie fermeture \u00e9clair \u00e0 pompon, elle est id\u00e9ale pour ranger les stylos, les crayons ou les petits objets essentiels. L\u00e9ger, durable et plein de personnalit\u00e9, il ajoute une touche de fun \u00e0 tout sac \u00e0 dos !<\/p>","protected":false},"featured_media":33773,"template":"","meta":[],"product_brand":[],"product_cat":[404,477,520,700,716],"product_tag":[],"class_list":{"0":"post-33772","1":"product","2":"type-product","3":"status-publish","4":"has-post-thumbnail","6":"product_cat-bags-cases","7":"product_cat-school-bags","8":"product_cat-pencil-case-pouch","9":"product_cat-hot-pink-power-girl-collection","10":"product_cat-coin-purse","12":"first","13":"instock","14":"shipping-taxable","15":"product-type-simple"},"_links":{"self":[{"href":"http:\/\/shinyyoustationery.com\/fr\/wp-json\/wp\/v2\/product\/33772","targetHints":{"allow":["GET"]}}],"collection":[{"href":"http:\/\/shinyyoustationery.com\/fr\/wp-json\/wp\/v2\/product"}],"about":[{"href":"http:\/\/shinyyoustationery.com\/fr\/wp-json\/wp\/v2\/types\/product"}],"version-history":[{"count":0,"href":"http:\/\/shinyyoustationery.com\/fr\/wp-json\/wp\/v2\/product\/33772\/revisions"}],"wp:featuredmedia":[{"embeddable":true,"href":"http:\/\/shinyyoustationery.com\/fr\/wp-json\/wp\/v2\/media\/33773"}],"wp:attachment":[{"href":"http:\/\/shinyyoustationery.com\/fr\/wp-json\/wp\/v2\/media?parent=33772"}],"wp:term":[{"taxonomy":"product_brand","embeddable":true,"href":"http:\/\/shinyyoustationery.com\/fr\/wp-json\/wp\/v2\/product_brand?post=33772"},{"taxonomy":"product_cat","embeddable":true,"href":"http:\/\/shinyyoustationery.com\/fr\/wp-json\/wp\/v2\/product_cat?post=33772"},{"taxonomy":"product_tag","embeddable":true,"href":"http:\/\/shinyyoustationery.com\/fr\/wp-json\/wp\/v2\/product_tag?post=33772"}],"curies":[{"name":"wp","href":"https:\/\/api.w.org\/{rel}","templated":true}]}}