{"id":33779,"date":"2025-06-26T22:52:44","date_gmt":"2025-06-27T06:52:44","guid":{"rendered":"http:\/\/45.63.70.205\/?post_type=product&#038;p=33779"},"modified":"2025-07-07T15:23:18","modified_gmt":"2025-07-07T07:23:18","slug":"pink-heart-studded-pencil-case-trendy-organizer-for-school-or-travel","status":"publish","type":"product","link":"http:\/\/shinyyoustationery.com\/fr\/pink-heart-studded-pencil-case-trendy-organizer-for-school-or-travel\/","title":{"rendered":"Trousse \u00e0 crayons clout\u00e9e en forme de coeur rose - Organisateur tendance pour l'\u00e9cole ou le voyage"},"content":{"rendered":"","protected":false},"excerpt":{"rendered":"<p>Cette trousse rose ludique est orn\u00e9e de clous brillants en forme de c\u0153ur, qui ajoutent une touche tendance \u00e0 vos affaires d'\u00e9cole ou de voyage. Le mat\u00e9riau transparent vous permet de voir et d'organiser facilement vos stylos, crayons ou petits accessoires. Parfait pour les \u00e9tudiants, les artistes et tous ceux qui aiment les accessoires amusants et \u00e9l\u00e9gants. Son design compact le rend id\u00e9al pour une utilisation en d\u00e9placement tout en gardant vos fournitures organis\u00e9es d'une mani\u00e8re chic.<\/p>","protected":false},"featured_media":33780,"template":"","meta":[],"product_brand":[],"product_cat":[404,477,520,700,716],"product_tag":[],"class_list":{"0":"post-33779","1":"product","2":"type-product","3":"status-publish","4":"has-post-thumbnail","6":"product_cat-bags-cases","7":"product_cat-school-bags","8":"product_cat-pencil-case-pouch","9":"product_cat-hot-pink-power-girl-collection","10":"product_cat-coin-purse","12":"first","13":"instock","14":"shipping-taxable","15":"product-type-simple"},"_links":{"self":[{"href":"http:\/\/shinyyoustationery.com\/fr\/wp-json\/wp\/v2\/product\/33779","targetHints":{"allow":["GET"]}}],"collection":[{"href":"http:\/\/shinyyoustationery.com\/fr\/wp-json\/wp\/v2\/product"}],"about":[{"href":"http:\/\/shinyyoustationery.com\/fr\/wp-json\/wp\/v2\/types\/product"}],"version-history":[{"count":0,"href":"http:\/\/shinyyoustationery.com\/fr\/wp-json\/wp\/v2\/product\/33779\/revisions"}],"wp:featuredmedia":[{"embeddable":true,"href":"http:\/\/shinyyoustationery.com\/fr\/wp-json\/wp\/v2\/media\/33780"}],"wp:attachment":[{"href":"http:\/\/shinyyoustationery.com\/fr\/wp-json\/wp\/v2\/media?parent=33779"}],"wp:term":[{"taxonomy":"product_brand","embeddable":true,"href":"http:\/\/shinyyoustationery.com\/fr\/wp-json\/wp\/v2\/product_brand?post=33779"},{"taxonomy":"product_cat","embeddable":true,"href":"http:\/\/shinyyoustationery.com\/fr\/wp-json\/wp\/v2\/product_cat?post=33779"},{"taxonomy":"product_tag","embeddable":true,"href":"http:\/\/shinyyoustationery.com\/fr\/wp-json\/wp\/v2\/product_tag?post=33779"}],"curies":[{"name":"wp","href":"https:\/\/api.w.org\/{rel}","templated":true}]}}