{"id":33783,"date":"2025-06-26T23:20:17","date_gmt":"2025-06-27T07:20:17","guid":{"rendered":"http:\/\/45.63.70.205\/?post_type=product&#038;p=33783"},"modified":"2025-06-26T23:20:17","modified_gmt":"2025-06-27T07:20:17","slug":"pink-iridescent-mini-backpack-stylish-fun-for-teens-and-kids","status":"publish","type":"product","link":"http:\/\/shinyyoustationery.com\/fr\/pink-iridescent-mini-backpack-stylish-fun-for-teens-and-kids\/","title":{"rendered":"Mini sac \u00e0 dos rose iris\u00e9 - \u00c9l\u00e9gant et amusant pour les adolescents et les enfants"},"content":{"rendered":"","protected":false},"excerpt":{"rendered":"<p>Ce mini-sac \u00e0 dos accrocheur pr\u00e9sente une finition iris\u00e9e rose vif, parfaite pour les amateurs d'accessoires audacieux et color\u00e9s. Dot\u00e9 d'une fermeture \u00e9clair dor\u00e9e et d'un design \u00e9l\u00e9gant, il est \u00e0 la fois tendance et pratique pour transporter vos affaires quotidiennes, que ce soit pour l'\u00e9cole, les voyages ou les sorties d\u00e9contract\u00e9es. Son format compact et sa finition brillante en font une pi\u00e8ce remarquable pour tous ceux qui cherchent \u00e0 ajouter une touche de fun et de style \u00e0 leur garde-robe !<\/p>","protected":false},"featured_media":33784,"template":"","meta":[],"product_brand":[],"product_cat":[700,517,518],"product_tag":[],"class_list":{"0":"post-33783","1":"product","2":"type-product","3":"status-publish","4":"has-post-thumbnail","6":"product_cat-hot-pink-power-girl-collection","7":"product_cat-backpack","8":"product_cat-school-backpack","10":"first","11":"instock","12":"shipping-taxable","13":"product-type-simple"},"_links":{"self":[{"href":"http:\/\/shinyyoustationery.com\/fr\/wp-json\/wp\/v2\/product\/33783","targetHints":{"allow":["GET"]}}],"collection":[{"href":"http:\/\/shinyyoustationery.com\/fr\/wp-json\/wp\/v2\/product"}],"about":[{"href":"http:\/\/shinyyoustationery.com\/fr\/wp-json\/wp\/v2\/types\/product"}],"version-history":[{"count":0,"href":"http:\/\/shinyyoustationery.com\/fr\/wp-json\/wp\/v2\/product\/33783\/revisions"}],"wp:featuredmedia":[{"embeddable":true,"href":"http:\/\/shinyyoustationery.com\/fr\/wp-json\/wp\/v2\/media\/33784"}],"wp:attachment":[{"href":"http:\/\/shinyyoustationery.com\/fr\/wp-json\/wp\/v2\/media?parent=33783"}],"wp:term":[{"taxonomy":"product_brand","embeddable":true,"href":"http:\/\/shinyyoustationery.com\/fr\/wp-json\/wp\/v2\/product_brand?post=33783"},{"taxonomy":"product_cat","embeddable":true,"href":"http:\/\/shinyyoustationery.com\/fr\/wp-json\/wp\/v2\/product_cat?post=33783"},{"taxonomy":"product_tag","embeddable":true,"href":"http:\/\/shinyyoustationery.com\/fr\/wp-json\/wp\/v2\/product_tag?post=33783"}],"curies":[{"name":"wp","href":"https:\/\/api.w.org\/{rel}","templated":true}]}}