{"id":33857,"date":"2025-06-27T02:26:22","date_gmt":"2025-06-27T10:26:22","guid":{"rendered":"http:\/\/45.63.70.205\/?post_type=product&#038;p=33857"},"modified":"2025-06-27T02:29:18","modified_gmt":"2025-06-27T10:29:18","slug":"shiny-purple-pencil-case-sleek-compact-organizer-for-school-office-or-travel","status":"publish","type":"product","link":"http:\/\/shinyyoustationery.com\/fr\/shiny-purple-pencil-case-sleek-compact-organizer-for-school-office-or-travel\/","title":{"rendered":"Trousse \u00e0 crayons violette brillante - Organisateur compact et \u00e9l\u00e9gant pour l'\u00e9cole, le bureau ou les voyages"},"content":{"rendered":"","protected":false},"excerpt":{"rendered":"<p data-start=\"105\" data-end=\"578\">Organisez vos objets essentiels avec cette <strong data-start=\"154\" data-end=\"182\">Trousse \u00e0 crayons violette brillante<\/strong>Cet \u00e9tui est dot\u00e9 d'une \u00e9l\u00e9gante finition m\u00e9tallique. Parfaite pour ranger vos stylos, crayons et autres petits accessoires, cette trousse compacte est id\u00e9ale pour les \u00e9tudiants, les professionnels et tous ceux qui se d\u00e9placent. Son design \u00e9l\u00e9gant et ses couleurs vives en font un compl\u00e9ment amusant et fonctionnel \u00e0 vos fournitures quotidiennes, que vous soyez \u00e0 l'\u00e9cole, au bureau ou en voyage.<\/p>","protected":false},"featured_media":33858,"template":"","meta":[],"product_brand":[],"product_cat":[700,520],"product_tag":[],"class_list":{"0":"post-33857","1":"product","2":"type-product","3":"status-publish","4":"has-post-thumbnail","6":"product_cat-hot-pink-power-girl-collection","7":"product_cat-pencil-case-pouch","9":"first","10":"instock","11":"shipping-taxable","12":"product-type-simple"},"_links":{"self":[{"href":"http:\/\/shinyyoustationery.com\/fr\/wp-json\/wp\/v2\/product\/33857","targetHints":{"allow":["GET"]}}],"collection":[{"href":"http:\/\/shinyyoustationery.com\/fr\/wp-json\/wp\/v2\/product"}],"about":[{"href":"http:\/\/shinyyoustationery.com\/fr\/wp-json\/wp\/v2\/types\/product"}],"version-history":[{"count":0,"href":"http:\/\/shinyyoustationery.com\/fr\/wp-json\/wp\/v2\/product\/33857\/revisions"}],"wp:featuredmedia":[{"embeddable":true,"href":"http:\/\/shinyyoustationery.com\/fr\/wp-json\/wp\/v2\/media\/33858"}],"wp:attachment":[{"href":"http:\/\/shinyyoustationery.com\/fr\/wp-json\/wp\/v2\/media?parent=33857"}],"wp:term":[{"taxonomy":"product_brand","embeddable":true,"href":"http:\/\/shinyyoustationery.com\/fr\/wp-json\/wp\/v2\/product_brand?post=33857"},{"taxonomy":"product_cat","embeddable":true,"href":"http:\/\/shinyyoustationery.com\/fr\/wp-json\/wp\/v2\/product_cat?post=33857"},{"taxonomy":"product_tag","embeddable":true,"href":"http:\/\/shinyyoustationery.com\/fr\/wp-json\/wp\/v2\/product_tag?post=33857"}],"curies":[{"name":"wp","href":"https:\/\/api.w.org\/{rel}","templated":true}]}}