{"id":33866,"date":"2025-06-27T02:39:47","date_gmt":"2025-06-27T10:39:47","guid":{"rendered":"http:\/\/45.63.70.205\/?post_type=product&#038;p=33866"},"modified":"2025-06-27T02:42:51","modified_gmt":"2025-06-27T10:42:51","slug":"glossy-purple-pencil-case-sleek-organizer-for-school-office-or-travel","status":"publish","type":"product","link":"http:\/\/shinyyoustationery.com\/fr\/glossy-purple-pencil-case-sleek-organizer-for-school-office-or-travel\/","title":{"rendered":"\u00c9tui \u00e0 crayons violet brillant - Organisateur \u00e9l\u00e9gant pour l'\u00e9cole, le bureau ou les voyages"},"content":{"rendered":"","protected":false},"excerpt":{"rendered":"<p data-start=\"105\" data-end=\"578\">Le pr\u00e9sent <strong data-start=\"127\" data-end=\"156\">Trousse \u00e0 crayons brillante violette<\/strong> est dot\u00e9 d'une finition brillante et \u00e9clatante, ce qui en fait un compl\u00e9ment \u00e9l\u00e9gant \u00e0 vos accessoires quotidiens. Son design compact est parfait pour ranger les stylos, crayons et autres petits objets, que vous soyez \u00e0 l'\u00e9cole, au bureau ou en d\u00e9placement. Avec sa fermeture \u00e9clair durable et sa couleur attrayante, il est parfait pour les \u00e9tudiants, les professionnels et tous ceux qui souhaitent ajouter une touche de couleur \u00e0 leurs accessoires.<\/p>","protected":false},"featured_media":33867,"template":"","meta":[],"product_brand":[],"product_cat":[700,520],"product_tag":[],"class_list":{"0":"post-33866","1":"product","2":"type-product","3":"status-publish","4":"has-post-thumbnail","6":"product_cat-hot-pink-power-girl-collection","7":"product_cat-pencil-case-pouch","9":"first","10":"instock","11":"shipping-taxable","12":"product-type-simple"},"_links":{"self":[{"href":"http:\/\/shinyyoustationery.com\/fr\/wp-json\/wp\/v2\/product\/33866","targetHints":{"allow":["GET"]}}],"collection":[{"href":"http:\/\/shinyyoustationery.com\/fr\/wp-json\/wp\/v2\/product"}],"about":[{"href":"http:\/\/shinyyoustationery.com\/fr\/wp-json\/wp\/v2\/types\/product"}],"version-history":[{"count":0,"href":"http:\/\/shinyyoustationery.com\/fr\/wp-json\/wp\/v2\/product\/33866\/revisions"}],"wp:featuredmedia":[{"embeddable":true,"href":"http:\/\/shinyyoustationery.com\/fr\/wp-json\/wp\/v2\/media\/33867"}],"wp:attachment":[{"href":"http:\/\/shinyyoustationery.com\/fr\/wp-json\/wp\/v2\/media?parent=33866"}],"wp:term":[{"taxonomy":"product_brand","embeddable":true,"href":"http:\/\/shinyyoustationery.com\/fr\/wp-json\/wp\/v2\/product_brand?post=33866"},{"taxonomy":"product_cat","embeddable":true,"href":"http:\/\/shinyyoustationery.com\/fr\/wp-json\/wp\/v2\/product_cat?post=33866"},{"taxonomy":"product_tag","embeddable":true,"href":"http:\/\/shinyyoustationery.com\/fr\/wp-json\/wp\/v2\/product_tag?post=33866"}],"curies":[{"name":"wp","href":"https:\/\/api.w.org\/{rel}","templated":true}]}}