{"id":33919,"date":"2025-06-27T04:06:06","date_gmt":"2025-06-27T12:06:06","guid":{"rendered":"http:\/\/45.63.70.205\/?post_type=product&#038;p=33919"},"modified":"2025-07-07T15:23:25","modified_gmt":"2025-07-07T07:23:25","slug":"pink-lip-shaped-coin-purse-fun-and-compact-for-kids-teens","status":"publish","type":"product","link":"http:\/\/shinyyoustationery.com\/fr\/pink-lip-shaped-coin-purse-fun-and-compact-for-kids-teens\/","title":{"rendered":"Porte-monnaie rose en forme de l\u00e8vre - amusant et compact pour les enfants et les adolescents"},"content":{"rendered":"","protected":false},"excerpt":{"rendered":"<p>Le pr\u00e9sent <strong data-start=\"106\" data-end=\"136\">Porte-monnaie en forme de l\u00e8vre rose<\/strong> est parfait pour ajouter une touche ludique \u00e0 vos accessoires. Fabriqu\u00e9 dans un mat\u00e9riau durable et brillant, ce porte-monnaie unique pr\u00e9sente un motif amusant de l\u00e8vres et est id\u00e9al pour contenir des pi\u00e8ces de monnaie, de la petite monnaie ou d'autres petits objets essentiels. Compact et mignon, il est parfait pour les enfants, les adolescents et tous ceux qui aiment les accessoires originaux et accrocheurs. Id\u00e9al pour un usage quotidien ou comme cadeau amusant !<\/p>","protected":false},"featured_media":33920,"template":"","meta":[],"product_brand":[],"product_cat":[716,477,700],"product_tag":[],"class_list":{"0":"post-33919","1":"product","2":"type-product","3":"status-publish","4":"has-post-thumbnail","6":"product_cat-coin-purse","7":"product_cat-school-bags","8":"product_cat-hot-pink-power-girl-collection","10":"first","11":"instock","12":"shipping-taxable","13":"product-type-simple"},"_links":{"self":[{"href":"http:\/\/shinyyoustationery.com\/fr\/wp-json\/wp\/v2\/product\/33919","targetHints":{"allow":["GET"]}}],"collection":[{"href":"http:\/\/shinyyoustationery.com\/fr\/wp-json\/wp\/v2\/product"}],"about":[{"href":"http:\/\/shinyyoustationery.com\/fr\/wp-json\/wp\/v2\/types\/product"}],"version-history":[{"count":0,"href":"http:\/\/shinyyoustationery.com\/fr\/wp-json\/wp\/v2\/product\/33919\/revisions"}],"wp:featuredmedia":[{"embeddable":true,"href":"http:\/\/shinyyoustationery.com\/fr\/wp-json\/wp\/v2\/media\/33920"}],"wp:attachment":[{"href":"http:\/\/shinyyoustationery.com\/fr\/wp-json\/wp\/v2\/media?parent=33919"}],"wp:term":[{"taxonomy":"product_brand","embeddable":true,"href":"http:\/\/shinyyoustationery.com\/fr\/wp-json\/wp\/v2\/product_brand?post=33919"},{"taxonomy":"product_cat","embeddable":true,"href":"http:\/\/shinyyoustationery.com\/fr\/wp-json\/wp\/v2\/product_cat?post=33919"},{"taxonomy":"product_tag","embeddable":true,"href":"http:\/\/shinyyoustationery.com\/fr\/wp-json\/wp\/v2\/product_tag?post=33919"}],"curies":[{"name":"wp","href":"https:\/\/api.w.org\/{rel}","templated":true}]}}