{"id":33947,"date":"2025-06-30T09:42:58","date_gmt":"2025-06-30T01:42:58","guid":{"rendered":"http:\/\/45.63.70.205\/?post_type=product&#038;p=33947"},"modified":"2025-07-02T19:44:37","modified_gmt":"2025-07-02T11:44:37","slug":"pink-glitter-pencil-set-fun-and-stylish-stationery-for-kids-teens","status":"publish","type":"product","link":"http:\/\/shinyyoustationery.com\/fr\/pink-glitter-pencil-set-fun-and-stylish-stationery-for-kids-teens\/","title":{"rendered":"Set de crayons \u00e0 paillettes roses - Papeterie amusante et \u00e9l\u00e9gante pour les enfants et les adolescents"},"content":{"rendered":"","protected":false},"excerpt":{"rendered":"<p>Ajoutez une touche de couleur et d'\u00e9clat \u00e0 votre collection de papeterie avec le set de crayons roses paillet\u00e9s JustHype. Parfait pour l'\u00e9cole, les projets cr\u00e9atifs ou comme cadeau amusant, ce set comprend six crayons roses paillet\u00e9s qui sont \u00e0 la fois \u00e9l\u00e9gants et fonctionnels. La conception durable et l'exp\u00e9rience d'\u00e9criture douce en font un choix id\u00e9al pour les enfants et les adolescents qui aiment exprimer leur cr\u00e9ativit\u00e9.<\/p>","protected":false},"featured_media":33948,"template":"","meta":[],"product_brand":[],"product_cat":[416,331,415],"product_tag":[],"class_list":{"0":"post-33947","1":"product","2":"type-product","3":"status-publish","4":"has-post-thumbnail","6":"product_cat-pencil","7":"product_cat-stationery-set","8":"product_cat-pen","10":"first","11":"instock","12":"shipping-taxable","13":"product-type-simple"},"_links":{"self":[{"href":"http:\/\/shinyyoustationery.com\/fr\/wp-json\/wp\/v2\/product\/33947","targetHints":{"allow":["GET"]}}],"collection":[{"href":"http:\/\/shinyyoustationery.com\/fr\/wp-json\/wp\/v2\/product"}],"about":[{"href":"http:\/\/shinyyoustationery.com\/fr\/wp-json\/wp\/v2\/types\/product"}],"version-history":[{"count":0,"href":"http:\/\/shinyyoustationery.com\/fr\/wp-json\/wp\/v2\/product\/33947\/revisions"}],"wp:featuredmedia":[{"embeddable":true,"href":"http:\/\/shinyyoustationery.com\/fr\/wp-json\/wp\/v2\/media\/33948"}],"wp:attachment":[{"href":"http:\/\/shinyyoustationery.com\/fr\/wp-json\/wp\/v2\/media?parent=33947"}],"wp:term":[{"taxonomy":"product_brand","embeddable":true,"href":"http:\/\/shinyyoustationery.com\/fr\/wp-json\/wp\/v2\/product_brand?post=33947"},{"taxonomy":"product_cat","embeddable":true,"href":"http:\/\/shinyyoustationery.com\/fr\/wp-json\/wp\/v2\/product_cat?post=33947"},{"taxonomy":"product_tag","embeddable":true,"href":"http:\/\/shinyyoustationery.com\/fr\/wp-json\/wp\/v2\/product_tag?post=33947"}],"curies":[{"name":"wp","href":"https:\/\/api.w.org\/{rel}","templated":true}]}}