{"id":33955,"date":"2025-06-30T10:08:58","date_gmt":"2025-06-30T02:08:58","guid":{"rendered":"http:\/\/45.63.70.205\/?post_type=product&#038;p=33955"},"modified":"2025-07-03T20:03:29","modified_gmt":"2025-07-03T12:03:29","slug":"pink-heart-shaped-sunglasses-trendy-fun-and-perfect-for-girls","status":"publish","type":"product","link":"http:\/\/shinyyoustationery.com\/fr\/pink-heart-shaped-sunglasses-trendy-fun-and-perfect-for-girls\/","title":{"rendered":"Lunettes de soleil roses en forme de c\u0153ur - tendance, amusantes et parfaites pour les filles"},"content":{"rendered":"","protected":false},"excerpt":{"rendered":"<p>Ces <strong data-start=\"131\" data-end=\"163\">Lunettes de soleil roses en forme de c\u0153ur<\/strong> sont l'accessoire id\u00e9al pour toutes les filles qui souhaitent ajouter une touche de couleur et de style \u00e0 leur look. Con\u00e7ues pour les filles \u00e0 la pointe de la mode, ces lunettes de soleil sont parfaites pour les activit\u00e9s de plein air, les sorties \u00e0 la plage ou les sorties d\u00e9contract\u00e9es. Avec leur monture en forme de c\u0153ur et leur couleur rose vif, elles sont indispensables \u00e0 celles qui aiment se d\u00e9marquer et exprimer leur style unique. Qu'elle se pr\u00e9lasse au soleil ou qu'elle se prom\u00e8ne en ville, ces lunettes de soleil lui permettront de rester cool et \u00e9l\u00e9gante !<\/p>","protected":false},"featured_media":33956,"template":"","meta":[],"product_brand":[],"product_cat":[700],"product_tag":[],"class_list":{"0":"post-33955","1":"product","2":"type-product","3":"status-publish","4":"has-post-thumbnail","6":"product_cat-hot-pink-power-girl-collection","8":"first","9":"instock","10":"shipping-taxable","11":"product-type-simple"},"_links":{"self":[{"href":"http:\/\/shinyyoustationery.com\/fr\/wp-json\/wp\/v2\/product\/33955","targetHints":{"allow":["GET"]}}],"collection":[{"href":"http:\/\/shinyyoustationery.com\/fr\/wp-json\/wp\/v2\/product"}],"about":[{"href":"http:\/\/shinyyoustationery.com\/fr\/wp-json\/wp\/v2\/types\/product"}],"version-history":[{"count":0,"href":"http:\/\/shinyyoustationery.com\/fr\/wp-json\/wp\/v2\/product\/33955\/revisions"}],"wp:featuredmedia":[{"embeddable":true,"href":"http:\/\/shinyyoustationery.com\/fr\/wp-json\/wp\/v2\/media\/33956"}],"wp:attachment":[{"href":"http:\/\/shinyyoustationery.com\/fr\/wp-json\/wp\/v2\/media?parent=33955"}],"wp:term":[{"taxonomy":"product_brand","embeddable":true,"href":"http:\/\/shinyyoustationery.com\/fr\/wp-json\/wp\/v2\/product_brand?post=33955"},{"taxonomy":"product_cat","embeddable":true,"href":"http:\/\/shinyyoustationery.com\/fr\/wp-json\/wp\/v2\/product_cat?post=33955"},{"taxonomy":"product_tag","embeddable":true,"href":"http:\/\/shinyyoustationery.com\/fr\/wp-json\/wp\/v2\/product_tag?post=33955"}],"curies":[{"name":"wp","href":"https:\/\/api.w.org\/{rel}","templated":true}]}}