{"id":33960,"date":"2025-06-30T10:13:31","date_gmt":"2025-06-30T02:13:31","guid":{"rendered":"http:\/\/45.63.70.205\/?post_type=product&#038;p=33960"},"modified":"2025-07-03T20:02:58","modified_gmt":"2025-07-03T12:02:58","slug":"bright-pink-sunglasses-fun-and-stylish-accessory-for-girls","status":"publish","type":"product","link":"http:\/\/shinyyoustationery.com\/fr\/bright-pink-sunglasses-fun-and-stylish-accessory-for-girls\/","title":{"rendered":"Lunettes de soleil rose vif - Accessoire amusant et \u00e9l\u00e9gant pour les filles"},"content":{"rendered":"","protected":false},"excerpt":{"rendered":"<p>Ces <strong data-start=\"104\" data-end=\"130\">Lunettes de soleil rose vif<\/strong> sont l'accessoire parfait pour toutes les filles qui souhaitent ajouter une touche amusante et \u00e9l\u00e9gante \u00e0 leur tenue. Que vous alliez \u00e0 la plage, que vous profitiez d'une journ\u00e9e ensoleill\u00e9e \u00e0 l'ext\u00e9rieur ou que vous vous promeniez simplement, ces lunettes de soleil vous prot\u00e9geront du soleil et vous donneront l'air frais. La couleur rose vibrante et le design \u00e9l\u00e9gant en font un must-have \u00e0 la mode pour tous les \u00e2ges. Id\u00e9ales pour les sorties d\u00e9contract\u00e9es, les f\u00eates ou comme cadeau pour la fille \u00e0 la pointe de la mode dans votre vie !<\/p>","protected":false},"featured_media":33962,"template":"","meta":[],"product_brand":[],"product_cat":[700],"product_tag":[],"class_list":{"0":"post-33960","1":"product","2":"type-product","3":"status-publish","4":"has-post-thumbnail","6":"product_cat-hot-pink-power-girl-collection","8":"first","9":"instock","10":"shipping-taxable","11":"product-type-simple"},"_links":{"self":[{"href":"http:\/\/shinyyoustationery.com\/fr\/wp-json\/wp\/v2\/product\/33960","targetHints":{"allow":["GET"]}}],"collection":[{"href":"http:\/\/shinyyoustationery.com\/fr\/wp-json\/wp\/v2\/product"}],"about":[{"href":"http:\/\/shinyyoustationery.com\/fr\/wp-json\/wp\/v2\/types\/product"}],"version-history":[{"count":0,"href":"http:\/\/shinyyoustationery.com\/fr\/wp-json\/wp\/v2\/product\/33960\/revisions"}],"wp:featuredmedia":[{"embeddable":true,"href":"http:\/\/shinyyoustationery.com\/fr\/wp-json\/wp\/v2\/media\/33962"}],"wp:attachment":[{"href":"http:\/\/shinyyoustationery.com\/fr\/wp-json\/wp\/v2\/media?parent=33960"}],"wp:term":[{"taxonomy":"product_brand","embeddable":true,"href":"http:\/\/shinyyoustationery.com\/fr\/wp-json\/wp\/v2\/product_brand?post=33960"},{"taxonomy":"product_cat","embeddable":true,"href":"http:\/\/shinyyoustationery.com\/fr\/wp-json\/wp\/v2\/product_cat?post=33960"},{"taxonomy":"product_tag","embeddable":true,"href":"http:\/\/shinyyoustationery.com\/fr\/wp-json\/wp\/v2\/product_tag?post=33960"}],"curies":[{"name":"wp","href":"https:\/\/api.w.org\/{rel}","templated":true}]}}