{"id":33964,"date":"2025-06-30T10:23:27","date_gmt":"2025-06-30T02:23:27","guid":{"rendered":"http:\/\/45.63.70.205\/?post_type=product&#038;p=33964"},"modified":"2025-06-30T10:34:50","modified_gmt":"2025-06-30T02:34:50","slug":"bright-pink-star-keychain-a-cute-and-fun-accessory-for-girls","status":"publish","type":"product","link":"http:\/\/shinyyoustationery.com\/fr\/bright-pink-star-keychain-a-cute-and-fun-accessory-for-girls\/","title":{"rendered":"Porte-cl\u00e9s \u00e9toile rose vif - Un accessoire mignon et amusant pour les filles"},"content":{"rendered":"","protected":false},"excerpt":{"rendered":"<p>Le pr\u00e9sent <strong data-start=\"105\" data-end=\"134\">Porte-cl\u00e9s \u00e9toile rose vif<\/strong> est le compl\u00e9ment id\u00e9al \u00e0 toute collection d'accessoires. Avec ses couleurs vives et son \u00e9toile ludique, c'est un excellent moyen de personnaliser votre sac, vos cl\u00e9s ou votre sac \u00e0 dos. Id\u00e9al pour les jeunes filles et les jeunes de c\u0153ur, ce porte-cl\u00e9s ajoute un \u00e9l\u00e9ment amusant et accrocheur aux objets de tous les jours. Que ce soit pour l'\u00e9cole, les sorties d\u00e9contract\u00e9es ou comme cadeau attentionn\u00e9, ce porte-cl\u00e9s en forme d'\u00e9toile rose ne manquera pas d'apporter de la joie et du style o\u00f9 qu'il aille !<\/p>","protected":false},"featured_media":33965,"template":"","meta":[],"product_brand":[],"product_cat":[659,700],"product_tag":[],"class_list":{"0":"post-33964","1":"product","2":"type-product","3":"status-publish","4":"has-post-thumbnail","6":"product_cat-keychain","7":"product_cat-hot-pink-power-girl-collection","9":"first","10":"instock","11":"shipping-taxable","12":"product-type-simple"},"_links":{"self":[{"href":"http:\/\/shinyyoustationery.com\/fr\/wp-json\/wp\/v2\/product\/33964","targetHints":{"allow":["GET"]}}],"collection":[{"href":"http:\/\/shinyyoustationery.com\/fr\/wp-json\/wp\/v2\/product"}],"about":[{"href":"http:\/\/shinyyoustationery.com\/fr\/wp-json\/wp\/v2\/types\/product"}],"version-history":[{"count":0,"href":"http:\/\/shinyyoustationery.com\/fr\/wp-json\/wp\/v2\/product\/33964\/revisions"}],"wp:featuredmedia":[{"embeddable":true,"href":"http:\/\/shinyyoustationery.com\/fr\/wp-json\/wp\/v2\/media\/33965"}],"wp:attachment":[{"href":"http:\/\/shinyyoustationery.com\/fr\/wp-json\/wp\/v2\/media?parent=33964"}],"wp:term":[{"taxonomy":"product_brand","embeddable":true,"href":"http:\/\/shinyyoustationery.com\/fr\/wp-json\/wp\/v2\/product_brand?post=33964"},{"taxonomy":"product_cat","embeddable":true,"href":"http:\/\/shinyyoustationery.com\/fr\/wp-json\/wp\/v2\/product_cat?post=33964"},{"taxonomy":"product_tag","embeddable":true,"href":"http:\/\/shinyyoustationery.com\/fr\/wp-json\/wp\/v2\/product_tag?post=33964"}],"curies":[{"name":"wp","href":"https:\/\/api.w.org\/{rel}","templated":true}]}}