{"id":33968,"date":"2025-06-30T10:30:58","date_gmt":"2025-06-30T02:30:58","guid":{"rendered":"http:\/\/45.63.70.205\/?post_type=product&#038;p=33968"},"modified":"2025-06-30T10:35:09","modified_gmt":"2025-06-30T02:35:09","slug":"pink-flamingo-keychain-a-cute-and-colorful-accessory-for-girls","status":"publish","type":"product","link":"http:\/\/shinyyoustationery.com\/fr\/pink-flamingo-keychain-a-cute-and-colorful-accessory-for-girls\/","title":{"rendered":"Porte-cl\u00e9s flamant rose - Un accessoire mignon et color\u00e9 pour les filles"},"content":{"rendered":"","protected":false},"excerpt":{"rendered":"<p>Ajoutez une touche ludique \u00e0 vos cl\u00e9s, votre sac ou votre sac \u00e0 dos avec cette <strong data-start=\"163\" data-end=\"189\">Porte-cl\u00e9s flamant rose<\/strong>. Dot\u00e9 d'un motif flamant rose vibrant, il est parfait pour les filles qui aiment les accessoires amusants et excentriques. Id\u00e9al pour les sorties d\u00e9contract\u00e9es, l'\u00e9cole ou comme cadeau, ce porte-cl\u00e9s est un excellent compl\u00e9ment \u00e0 toute collection. L\u00e9ger, durable et accrocheur, ce porte-cl\u00e9s flamant rose vous fera sourire \u00e0 chaque fois que vous prendrez vos cl\u00e9s !<\/p>","protected":false},"featured_media":33969,"template":"","meta":[],"product_brand":[],"product_cat":[659,700],"product_tag":[],"class_list":{"0":"post-33968","1":"product","2":"type-product","3":"status-publish","4":"has-post-thumbnail","6":"product_cat-keychain","7":"product_cat-hot-pink-power-girl-collection","9":"first","10":"instock","11":"shipping-taxable","12":"product-type-simple"},"_links":{"self":[{"href":"http:\/\/shinyyoustationery.com\/fr\/wp-json\/wp\/v2\/product\/33968","targetHints":{"allow":["GET"]}}],"collection":[{"href":"http:\/\/shinyyoustationery.com\/fr\/wp-json\/wp\/v2\/product"}],"about":[{"href":"http:\/\/shinyyoustationery.com\/fr\/wp-json\/wp\/v2\/types\/product"}],"version-history":[{"count":0,"href":"http:\/\/shinyyoustationery.com\/fr\/wp-json\/wp\/v2\/product\/33968\/revisions"}],"wp:featuredmedia":[{"embeddable":true,"href":"http:\/\/shinyyoustationery.com\/fr\/wp-json\/wp\/v2\/media\/33969"}],"wp:attachment":[{"href":"http:\/\/shinyyoustationery.com\/fr\/wp-json\/wp\/v2\/media?parent=33968"}],"wp:term":[{"taxonomy":"product_brand","embeddable":true,"href":"http:\/\/shinyyoustationery.com\/fr\/wp-json\/wp\/v2\/product_brand?post=33968"},{"taxonomy":"product_cat","embeddable":true,"href":"http:\/\/shinyyoustationery.com\/fr\/wp-json\/wp\/v2\/product_cat?post=33968"},{"taxonomy":"product_tag","embeddable":true,"href":"http:\/\/shinyyoustationery.com\/fr\/wp-json\/wp\/v2\/product_tag?post=33968"}],"curies":[{"name":"wp","href":"https:\/\/api.w.org\/{rel}","templated":true}]}}