{"id":33973,"date":"2025-06-30T10:36:57","date_gmt":"2025-06-30T02:36:57","guid":{"rendered":"http:\/\/45.63.70.205\/?post_type=product&#038;p=33973"},"modified":"2025-06-30T10:39:11","modified_gmt":"2025-06-30T02:39:11","slug":"pink-unicorn-keychain-fun-stylish-accessory-for-kids-and-teens","status":"publish","type":"product","link":"http:\/\/shinyyoustationery.com\/fr\/pink-unicorn-keychain-fun-stylish-accessory-for-kids-and-teens\/","title":{"rendered":"Porte-cl\u00e9s licorne rose - Accessoire amusant et \u00e9l\u00e9gant pour les enfants et les adolescents"},"content":{"rendered":"","protected":false},"excerpt":{"rendered":"<p>Ajoutez une touche de fantaisie \u00e0 vos cl\u00e9s ou \u00e0 votre sac avec ce porte-cl\u00e9s licorne rose vif. Il est parfait pour les enfants, les adolescents et tous ceux qui aiment les accessoires uniques et ludiques. Sa finition m\u00e9tallique brillante et son design durable en font un compl\u00e9ment amusant et pratique \u00e0 tout trousseau de cl\u00e9s, sac \u00e0 dos ou sac \u00e0 main.<\/p>","protected":false},"featured_media":33974,"template":"","meta":[],"product_brand":[],"product_cat":[659,700],"product_tag":[],"class_list":{"0":"post-33973","1":"product","2":"type-product","3":"status-publish","4":"has-post-thumbnail","6":"product_cat-keychain","7":"product_cat-hot-pink-power-girl-collection","9":"first","10":"instock","11":"shipping-taxable","12":"product-type-simple"},"_links":{"self":[{"href":"http:\/\/shinyyoustationery.com\/fr\/wp-json\/wp\/v2\/product\/33973","targetHints":{"allow":["GET"]}}],"collection":[{"href":"http:\/\/shinyyoustationery.com\/fr\/wp-json\/wp\/v2\/product"}],"about":[{"href":"http:\/\/shinyyoustationery.com\/fr\/wp-json\/wp\/v2\/types\/product"}],"version-history":[{"count":0,"href":"http:\/\/shinyyoustationery.com\/fr\/wp-json\/wp\/v2\/product\/33973\/revisions"}],"wp:featuredmedia":[{"embeddable":true,"href":"http:\/\/shinyyoustationery.com\/fr\/wp-json\/wp\/v2\/media\/33974"}],"wp:attachment":[{"href":"http:\/\/shinyyoustationery.com\/fr\/wp-json\/wp\/v2\/media?parent=33973"}],"wp:term":[{"taxonomy":"product_brand","embeddable":true,"href":"http:\/\/shinyyoustationery.com\/fr\/wp-json\/wp\/v2\/product_brand?post=33973"},{"taxonomy":"product_cat","embeddable":true,"href":"http:\/\/shinyyoustationery.com\/fr\/wp-json\/wp\/v2\/product_cat?post=33973"},{"taxonomy":"product_tag","embeddable":true,"href":"http:\/\/shinyyoustationery.com\/fr\/wp-json\/wp\/v2\/product_tag?post=33973"}],"curies":[{"name":"wp","href":"https:\/\/api.w.org\/{rel}","templated":true}]}}