{"id":33977,"date":"2025-06-30T10:41:46","date_gmt":"2025-06-30T02:41:46","guid":{"rendered":"http:\/\/45.63.70.205\/?post_type=product&#038;p=33977"},"modified":"2025-06-30T11:10:53","modified_gmt":"2025-06-30T03:10:53","slug":"pink-mermaid-keychain-fun-accessory-for-kids-and-adults-perfect-for-bags-and-keys","status":"publish","type":"product","link":"http:\/\/shinyyoustationery.com\/fr\/pink-mermaid-keychain-fun-accessory-for-kids-and-adults-perfect-for-bags-and-keys\/","title":{"rendered":"Porte-cl\u00e9s sir\u00e8ne rose - Accessoire amusant pour les enfants et les adultes, parfait pour les sacs et les cl\u00e9s"},"content":{"rendered":"","protected":false},"excerpt":{"rendered":"<p>Ce porte-cl\u00e9s sir\u00e8ne rose vif ajoute une touche de fantaisie \u00e0 vos objets de tous les jours. Id\u00e9al pour les enfants et les adultes, il est parfait pour d\u00e9corer les sacs, les cl\u00e9s ou m\u00eame comme cadeau amusant. L\u00e9ger et durable, il apporte une touche ludique \u00e0 toute collection d'accessoires.<\/p>","protected":false},"featured_media":33978,"template":"","meta":[],"product_brand":[],"product_cat":[659,700],"product_tag":[],"class_list":{"0":"post-33977","1":"product","2":"type-product","3":"status-publish","4":"has-post-thumbnail","6":"product_cat-keychain","7":"product_cat-hot-pink-power-girl-collection","9":"first","10":"instock","11":"shipping-taxable","12":"product-type-simple"},"_links":{"self":[{"href":"http:\/\/shinyyoustationery.com\/fr\/wp-json\/wp\/v2\/product\/33977","targetHints":{"allow":["GET"]}}],"collection":[{"href":"http:\/\/shinyyoustationery.com\/fr\/wp-json\/wp\/v2\/product"}],"about":[{"href":"http:\/\/shinyyoustationery.com\/fr\/wp-json\/wp\/v2\/types\/product"}],"version-history":[{"count":0,"href":"http:\/\/shinyyoustationery.com\/fr\/wp-json\/wp\/v2\/product\/33977\/revisions"}],"wp:featuredmedia":[{"embeddable":true,"href":"http:\/\/shinyyoustationery.com\/fr\/wp-json\/wp\/v2\/media\/33978"}],"wp:attachment":[{"href":"http:\/\/shinyyoustationery.com\/fr\/wp-json\/wp\/v2\/media?parent=33977"}],"wp:term":[{"taxonomy":"product_brand","embeddable":true,"href":"http:\/\/shinyyoustationery.com\/fr\/wp-json\/wp\/v2\/product_brand?post=33977"},{"taxonomy":"product_cat","embeddable":true,"href":"http:\/\/shinyyoustationery.com\/fr\/wp-json\/wp\/v2\/product_cat?post=33977"},{"taxonomy":"product_tag","embeddable":true,"href":"http:\/\/shinyyoustationery.com\/fr\/wp-json\/wp\/v2\/product_tag?post=33977"}],"curies":[{"name":"wp","href":"https:\/\/api.w.org\/{rel}","templated":true}]}}