{"id":33981,"date":"2025-06-30T11:04:26","date_gmt":"2025-06-30T03:04:26","guid":{"rendered":"http:\/\/45.63.70.205\/?post_type=product&#038;p=33981"},"modified":"2025-08-13T05:33:53","modified_gmt":"2025-08-13T13:33:53","slug":"pink-wheelie-bin-desk-tidy-compact-trash-organizer-for-office","status":"publish","type":"product","link":"http:\/\/shinyyoustationery.com\/fr\/pink-wheelie-bin-desk-tidy-compact-trash-organizer-for-office\/","title":{"rendered":"Corbeille \u00e0 papier rose pour le bureau - Organisateur de poubelles compact pour le bureau"},"content":{"rendered":"","protected":false},"excerpt":{"rendered":"<p>Cette poubelle \u00e0 roulettes rose est un compl\u00e9ment amusant et fonctionnel \u00e0 tout espace de travail. Parfaite pour garder votre bureau propre, elle est id\u00e9ale pour ranger les petits d\u00e9chets, les articles de papeterie ou m\u00eame comme porte-stylos original. Ses couleurs vives et son design compact en font un choix id\u00e9al pour les enfants et les adultes. Que vous soyez \u00e0 la maison ou au bureau, ce vide-poches vous aidera \u00e0 maintenir un environnement organis\u00e9.<\/p>","protected":false},"featured_media":33982,"template":"","meta":[],"product_brand":[],"product_cat":[450,700],"product_tag":[],"class_list":{"0":"post-33981","1":"product","2":"type-product","3":"status-publish","4":"has-post-thumbnail","6":"product_cat-trash-can","7":"product_cat-hot-pink-power-girl-collection","9":"first","10":"instock","11":"shipping-taxable","12":"product-type-simple"},"_links":{"self":[{"href":"http:\/\/shinyyoustationery.com\/fr\/wp-json\/wp\/v2\/product\/33981","targetHints":{"allow":["GET"]}}],"collection":[{"href":"http:\/\/shinyyoustationery.com\/fr\/wp-json\/wp\/v2\/product"}],"about":[{"href":"http:\/\/shinyyoustationery.com\/fr\/wp-json\/wp\/v2\/types\/product"}],"version-history":[{"count":0,"href":"http:\/\/shinyyoustationery.com\/fr\/wp-json\/wp\/v2\/product\/33981\/revisions"}],"wp:featuredmedia":[{"embeddable":true,"href":"http:\/\/shinyyoustationery.com\/fr\/wp-json\/wp\/v2\/media\/33982"}],"wp:attachment":[{"href":"http:\/\/shinyyoustationery.com\/fr\/wp-json\/wp\/v2\/media?parent=33981"}],"wp:term":[{"taxonomy":"product_brand","embeddable":true,"href":"http:\/\/shinyyoustationery.com\/fr\/wp-json\/wp\/v2\/product_brand?post=33981"},{"taxonomy":"product_cat","embeddable":true,"href":"http:\/\/shinyyoustationery.com\/fr\/wp-json\/wp\/v2\/product_cat?post=33981"},{"taxonomy":"product_tag","embeddable":true,"href":"http:\/\/shinyyoustationery.com\/fr\/wp-json\/wp\/v2\/product_tag?post=33981"}],"curies":[{"name":"wp","href":"https:\/\/api.w.org\/{rel}","templated":true}]}}