{"id":33987,"date":"2025-06-30T11:10:17","date_gmt":"2025-06-30T03:10:17","guid":{"rendered":"http:\/\/45.63.70.205\/?post_type=product&#038;p=33987"},"modified":"2025-07-14T00:55:38","modified_gmt":"2025-07-14T08:55:38","slug":"pink-3-drawer-desk-organizer-compact-storage-solution-for-home-office","status":"publish","type":"product","link":"http:\/\/shinyyoustationery.com\/fr\/pink-3-drawer-desk-organizer-compact-storage-solution-for-home-office\/","title":{"rendered":"Organisateur de bureau rose \u00e0 3 tiroirs - Solution de rangement compacte pour la maison et le bureau"},"content":{"rendered":"","protected":false},"excerpt":{"rendered":"<p>Cet \u00e9l\u00e9gant organiseur de bureau rose \u00e0 3 tiroirs est le moyen id\u00e9al de garder votre espace de travail bien rang\u00e9 et organis\u00e9. Id\u00e9al pour ranger la papeterie, les documents ou les petites fournitures de bureau, il constitue un compl\u00e9ment pratique \u00e0 tout bureau. Son design compact permet de l'utiliser aussi bien \u00e0 la maison qu'au bureau, tandis que sa couleur rose vibrante ajoute une touche de gaiet\u00e9 \u00e0 votre espace de travail.<\/p>","protected":false},"featured_media":33989,"template":"","meta":[],"product_brand":[],"product_cat":[427,402,675,700],"product_tag":[],"class_list":{"0":"post-33987","1":"product","2":"type-product","3":"status-publish","4":"has-post-thumbnail","6":"product_cat-desk-organizer","7":"product_cat-desk-organizer-accessories","8":"product_cat-school-desk-organizer","9":"product_cat-hot-pink-power-girl-collection","11":"first","12":"instock","13":"shipping-taxable","14":"product-type-simple"},"_links":{"self":[{"href":"http:\/\/shinyyoustationery.com\/fr\/wp-json\/wp\/v2\/product\/33987","targetHints":{"allow":["GET"]}}],"collection":[{"href":"http:\/\/shinyyoustationery.com\/fr\/wp-json\/wp\/v2\/product"}],"about":[{"href":"http:\/\/shinyyoustationery.com\/fr\/wp-json\/wp\/v2\/types\/product"}],"version-history":[{"count":0,"href":"http:\/\/shinyyoustationery.com\/fr\/wp-json\/wp\/v2\/product\/33987\/revisions"}],"wp:featuredmedia":[{"embeddable":true,"href":"http:\/\/shinyyoustationery.com\/fr\/wp-json\/wp\/v2\/media\/33989"}],"wp:attachment":[{"href":"http:\/\/shinyyoustationery.com\/fr\/wp-json\/wp\/v2\/media?parent=33987"}],"wp:term":[{"taxonomy":"product_brand","embeddable":true,"href":"http:\/\/shinyyoustationery.com\/fr\/wp-json\/wp\/v2\/product_brand?post=33987"},{"taxonomy":"product_cat","embeddable":true,"href":"http:\/\/shinyyoustationery.com\/fr\/wp-json\/wp\/v2\/product_cat?post=33987"},{"taxonomy":"product_tag","embeddable":true,"href":"http:\/\/shinyyoustationery.com\/fr\/wp-json\/wp\/v2\/product_tag?post=33987"}],"curies":[{"name":"wp","href":"https:\/\/api.w.org\/{rel}","templated":true}]}}